{"id":583914,"date":"2025-05-01T01:34:28","date_gmt":"2025-05-01T05:34:28","guid":{"rendered":"https:\/\/influencesport.ca\/?post_type=product&#038;p=583914"},"modified":"2026-01-30T16:28:34","modified_gmt":"2026-01-30T21:28:34","slug":"ua-tech-vent-9in-shorts-3","status":"publish","type":"product","link":"https:\/\/influencesport.ca\/en\/produit\/ua-tech-vent-9in-shorts-3\/","title":{"rendered":"UA Tech Vent 9in Shorts"},"content":{"rendered":"","protected":false},"excerpt":{"rendered":"<p><strong>D\u00e9tails sur le produit : 6005528-011<\/strong><\/p>\n<ul class=\"sc-BGXOW gVUPrn\">\n<li class=\"sc-cJIyfF htOSkc\"><span>NEOLAST\u2122 est une alternative performante \u00e0 l&#8217;\u00e9lasthanne con\u00e7ue pour commencer \u00e0 relever les d\u00e9fis de durabilit\u00e9 associ\u00e9s \u00e0 l&#8217;\u00e9lasthanne<\/span><\/li>\n<li class=\"sc-cJIyfF htOSkc\"><span>Panneaux lat\u00e9raux en mesh pour une meilleure respirabilit\u00e9<\/span><\/li>\n<li class=\"sc-cJIyfF htOSkc\"><span>Le mat\u00e9riau extensible dans les 4 sens bouge mieux dans toutes les directions<\/span><\/li>\n<li class=\"sc-cJIyfF htOSkc\"><span>Le mat\u00e9riau \u00e9vacue la transpiration et s\u00e8che tr\u00e8s rapidement<\/span><\/li>\n<li class=\"sc-cJIyfF htOSkc\"><span>Shorts pour hommes<\/span><\/li>\n<li class=\"sc-cJIyfF htOSkc\"><span>Short UA Tech\u2122 Vent 9&#8243; pour homme<\/span><\/li>\n<li class=\"sc-cJIyfF htOSkc\"><span>Le tissu en tricot lisse et performant est ultra-l\u00e9ger, respirant et confortable<\/span><\/li>\n<li class=\"sc-cJIyfF htOSkc\"><span>Ceinture \u00e9lastique encastr\u00e9e avec cordon de serrage interne<\/span><\/li>\n<li class=\"sc-cJIyfF htOSkc\"><span>Poches ouvertes pour les mains et ourlet \u00e0 fente lat\u00e9rale<\/span><\/li>\n<li class=\"sc-cJIyfF htOSkc\"><span>Les nouvelles fibres innovantes NEOLAST\u2122 offrent une \u00e9lasticit\u00e9 puissante, une durabilit\u00e9, un confort et une \u00e9vacuation am\u00e9lior\u00e9e de l&#8217;humidit\u00e9<\/span><\/li>\n<\/ul>\n","protected":false},"featured_media":587907,"template":"","meta":{"_et_pb_use_builder":"","_et_pb_old_content":"","_et_gb_content_width":""},"product_brand":[],"product_cat":[1377,20],"product_tag":[],"class_list":{"0":"post-583914","1":"product","2":"type-product","3":"status-publish","4":"has-post-thumbnail","6":"product_cat-shorts-cuissards-vetements","7":"product_cat-vetements","9":"first","10":"instock","11":"taxable","12":"shipping-taxable","13":"purchasable","14":"product-type-variable"},"tiered_pricing_type":"fixed","tiered_pricing_fixed_rules":[],"tiered_pricing_product_settings":{"layout":"default","base_unit_name":{"singular":null,"plural":null},"default_variation":null},"tiered_pricing_minimum_quantity":null,"tiered_pricing_roles_data":[],"tiered_pricing_percentage_rules":[],"_links":{"self":[{"href":"https:\/\/influencesport.ca\/en\/wp-json\/wp\/v2\/product\/583914","targetHints":{"allow":["GET"]}}],"collection":[{"href":"https:\/\/influencesport.ca\/en\/wp-json\/wp\/v2\/product"}],"about":[{"href":"https:\/\/influencesport.ca\/en\/wp-json\/wp\/v2\/types\/product"}],"wp:featuredmedia":[{"embeddable":true,"href":"https:\/\/influencesport.ca\/en\/wp-json\/wp\/v2\/media\/587907"}],"wp:attachment":[{"href":"https:\/\/influencesport.ca\/en\/wp-json\/wp\/v2\/media?parent=583914"}],"wp:term":[{"taxonomy":"product_brand","embeddable":true,"href":"https:\/\/influencesport.ca\/en\/wp-json\/wp\/v2\/product_brand?post=583914"},{"taxonomy":"product_cat","embeddable":true,"href":"https:\/\/influencesport.ca\/en\/wp-json\/wp\/v2\/product_cat?post=583914"},{"taxonomy":"product_tag","embeddable":true,"href":"https:\/\/influencesport.ca\/en\/wp-json\/wp\/v2\/product_tag?post=583914"}],"curies":[{"name":"wp","href":"https:\/\/api.w.org\/{rel}","templated":true}]}}