{"id":583910,"date":"2025-05-01T01:34:22","date_gmt":"2025-05-01T05:34:22","guid":{"rendered":"https:\/\/influencesport.ca\/?post_type=product&#038;p=583910"},"modified":"2026-02-09T11:52:42","modified_gmt":"2026-02-09T16:52:42","slug":"ua-tech-vent-9in-shorts-2","status":"publish","type":"product","link":"https:\/\/influencesport.ca\/en\/produit\/ua-tech-vent-9in-shorts-2\/","title":{"rendered":"UA Tech Vent 9in Shorts"},"content":{"rendered":"","protected":false},"excerpt":{"rendered":"<p><strong>D\u00e9tails sur le produit : 6005528-002<\/strong><\/p>\n<ul class=\"sc-BGXOW gVUPrn\">\n<li class=\"sc-cJIyfF htOSkc\"><span>NEOLAST\u2122 est une alternative performante \u00e0 l&#8217;\u00e9lasthanne con\u00e7ue pour commencer \u00e0 relever les d\u00e9fis de durabilit\u00e9 associ\u00e9s \u00e0 l&#8217;\u00e9lasthanne<\/span><\/li>\n<li class=\"sc-cJIyfF htOSkc\"><span>Panneaux lat\u00e9raux en mesh pour une meilleure respirabilit\u00e9<\/span><\/li>\n<\/ul>\n","protected":false},"featured_media":587896,"template":"","meta":{"_et_pb_use_builder":"","_et_pb_old_content":"","_et_gb_content_width":""},"product_brand":[],"product_cat":[1377,20],"product_tag":[],"class_list":{"0":"post-583910","1":"product","2":"type-product","3":"status-publish","4":"has-post-thumbnail","6":"product_cat-shorts-cuissards-vetements","7":"product_cat-vetements","9":"first","10":"instock","11":"taxable","12":"shipping-taxable","13":"purchasable","14":"product-type-variable"},"tiered_pricing_type":"fixed","tiered_pricing_fixed_rules":[],"tiered_pricing_product_settings":{"layout":"default","base_unit_name":{"singular":null,"plural":null},"default_variation":null},"tiered_pricing_minimum_quantity":null,"tiered_pricing_roles_data":[],"tiered_pricing_percentage_rules":[],"_links":{"self":[{"href":"https:\/\/influencesport.ca\/en\/wp-json\/wp\/v2\/product\/583910","targetHints":{"allow":["GET"]}}],"collection":[{"href":"https:\/\/influencesport.ca\/en\/wp-json\/wp\/v2\/product"}],"about":[{"href":"https:\/\/influencesport.ca\/en\/wp-json\/wp\/v2\/types\/product"}],"wp:featuredmedia":[{"embeddable":true,"href":"https:\/\/influencesport.ca\/en\/wp-json\/wp\/v2\/media\/587896"}],"wp:attachment":[{"href":"https:\/\/influencesport.ca\/en\/wp-json\/wp\/v2\/media?parent=583910"}],"wp:term":[{"taxonomy":"product_brand","embeddable":true,"href":"https:\/\/influencesport.ca\/en\/wp-json\/wp\/v2\/product_brand?post=583910"},{"taxonomy":"product_cat","embeddable":true,"href":"https:\/\/influencesport.ca\/en\/wp-json\/wp\/v2\/product_cat?post=583910"},{"taxonomy":"product_tag","embeddable":true,"href":"https:\/\/influencesport.ca\/en\/wp-json\/wp\/v2\/product_tag?post=583910"}],"curies":[{"name":"wp","href":"https:\/\/api.w.org\/{rel}","templated":true}]}}