{"id":583872,"date":"2025-04-30T01:33:25","date_gmt":"2025-04-30T05:33:25","guid":{"rendered":"https:\/\/influencesport.ca\/?post_type=product&#038;p=583872"},"modified":"2025-10-19T16:55:33","modified_gmt":"2025-10-19T20:55:33","slug":"nike-skills-mini-ballons","status":"publish","type":"product","link":"https:\/\/influencesport.ca\/en\/produit\/nike-skills-mini-ballons\/","title":{"rendered":"Nike Skills Ballons"},"content":{"rendered":"","protected":false},"excerpt":{"rendered":"<p><strong>D\u00e9tails sur le produit : FZ2970-100<\/strong><\/p>\n<p class=\"nds-text pb4-sm css-qtj9g7 e1yhcai00 appearance-body1 color-primary weight-regular\" data-testid=\"product-description\"><span>Lorsque vous souhaitez peaufiner votre jeu de jambes, la taille plus petite de ce ballon le rend id\u00e9al pour pratiquer vos comp\u00e9tences et devenir plus confiant sur le ballon.<\/span><\/p>\n<div data-testid=\"benefit-section\">\n<ul class=\"pb4-sm css-1vql4bw eru6lik0 nds-list\" data-testid=\"benefit-list\">\n<li class=\"nds-text css-xlkxpi e1yhcai00 appearance-body1 color-primary weight-regular\"><span>Le ballon de taille 1 est parfait pour le d\u00e9veloppement des comp\u00e9tences pour tous les \u00e2ges.<\/span><\/li>\n<li class=\"nds-text css-xlkxpi e1yhcai00 appearance-body1 color-primary weight-regular\"><span>Le bo\u00eetier cousu \u00e0 la machine optimise la forme, la sensation et la durabilit\u00e9.<\/span><\/li>\n<li class=\"nds-text css-xlkxpi e1yhcai00 appearance-body1 color-primary weight-regular\"><span>La vessie en caoutchouc aide \u00e0 maintenir la pression de l&#8217;air et la forme.<\/span><\/li>\n<\/ul>\n<\/div>\n<div data-testid=\"benefit-section\">\n<ul class=\"pb4-sm css-1vql4bw eru6lik0 nds-list\" data-testid=\"benefit-list\">\n<li class=\"nds-text css-xlkxpi e1yhcai00 appearance-body1 color-primary weight-regular\"><span>60 % caoutchouc \/ 15 % polyur\u00e9thane (PU) \/ 13 % polyester \/ 12 % \u00e9thyl\u00e8ne-ac\u00e9tate de vinyle (EVA)<\/span><\/li>\n<li class=\"nds-text css-xlkxpi e1yhcai00 appearance-body1 color-primary weight-regular\"><span>Nettoyer les taches<\/span><\/li>\n<li class=\"nds-text css-xlkxpi e1yhcai00 appearance-body1 color-primary weight-regular\"><span>Import\u00e9<\/span><\/li>\n<li class=\"nds-text css-xlkxpi e1yhcai00 appearance-body1 color-primary weight-regular\"><span>Couleur affich\u00e9e : Blanc\/Bleu noirci\/Hyper Crimson<\/span><\/li>\n<li class=\"nds-text css-xlkxpi e1yhcai00 appearance-body1 color-primary weight-regular\"><span>Mod\u00e8le : FZ2970-100<\/span><\/li>\n<\/ul>\n<\/div>\n","protected":false},"featured_media":587876,"template":"","meta":{"_et_pb_use_builder":"","_et_pb_old_content":"","_et_gb_content_width":""},"product_brand":[],"product_cat":[43,1415],"product_tag":[],"class_list":{"0":"post-583872","1":"product","2":"type-product","3":"status-publish","4":"has-post-thumbnail","6":"product_cat-ballons","7":"product_cat-mini-ballon","9":"first","10":"instock","11":"taxable","12":"shipping-taxable","13":"purchasable","14":"product-type-variable"},"tiered_pricing_type":"fixed","tiered_pricing_fixed_rules":[],"tiered_pricing_product_settings":{"layout":"default","base_unit_name":{"singular":null,"plural":null},"default_variation":null},"tiered_pricing_minimum_quantity":null,"tiered_pricing_roles_data":[],"tiered_pricing_percentage_rules":[],"_links":{"self":[{"href":"https:\/\/influencesport.ca\/en\/wp-json\/wp\/v2\/product\/583872","targetHints":{"allow":["GET"]}}],"collection":[{"href":"https:\/\/influencesport.ca\/en\/wp-json\/wp\/v2\/product"}],"about":[{"href":"https:\/\/influencesport.ca\/en\/wp-json\/wp\/v2\/types\/product"}],"wp:featuredmedia":[{"embeddable":true,"href":"https:\/\/influencesport.ca\/en\/wp-json\/wp\/v2\/media\/587876"}],"wp:attachment":[{"href":"https:\/\/influencesport.ca\/en\/wp-json\/wp\/v2\/media?parent=583872"}],"wp:term":[{"taxonomy":"product_brand","embeddable":true,"href":"https:\/\/influencesport.ca\/en\/wp-json\/wp\/v2\/product_brand?post=583872"},{"taxonomy":"product_cat","embeddable":true,"href":"https:\/\/influencesport.ca\/en\/wp-json\/wp\/v2\/product_cat?post=583872"},{"taxonomy":"product_tag","embeddable":true,"href":"https:\/\/influencesport.ca\/en\/wp-json\/wp\/v2\/product_tag?post=583872"}],"curies":[{"name":"wp","href":"https:\/\/api.w.org\/{rel}","templated":true}]}}