{"id":583141,"date":"2025-04-25T01:34:33","date_gmt":"2025-04-25T05:34:33","guid":{"rendered":"https:\/\/influencesport.ca\/?post_type=product&#038;p=583141"},"modified":"2026-03-25T17:10:22","modified_gmt":"2026-03-25T21:10:22","slug":"nike-legging-pro","status":"publish","type":"product","link":"https:\/\/influencesport.ca\/en\/produit\/nike-legging-pro\/","title":{"rendered":"Nike Legging Pro"},"content":{"rendered":"","protected":false},"excerpt":{"rendered":"<p><strong>D\u00e9tails sur le produit : DA1028-010<\/strong><\/p>\n<p>Avec Nike Pro, donnez-vous \u00e0 fond en toute confiance. Des exercices de course \u00e0 l&#8217;entra\u00eenement aux sorties entre amis apr\u00e8s l&#8217;\u00e9cole, ces leggings vous donnent l&#8217;impression d&#8217;\u00eatre une pro. Leur tissu doux et extensible \u00e9vacue l&#8217;humidit\u00e9 pour une \u00e9vaporation rapide, \u00e9vitant ainsi toute g\u00eane.<\/p>\n","protected":false},"featured_media":583333,"template":"","meta":{"_et_pb_use_builder":"","_et_pb_old_content":"","_et_gb_content_width":""},"product_brand":[],"product_cat":[1379,20],"product_tag":[],"class_list":{"0":"post-583141","1":"product","2":"type-product","3":"status-publish","4":"has-post-thumbnail","6":"product_cat-pantalons-leggings-vetements","7":"product_cat-vetements","9":"first","10":"instock","11":"taxable","12":"shipping-taxable","13":"purchasable","14":"product-type-variable"},"tiered_pricing_type":"fixed","tiered_pricing_fixed_rules":[],"tiered_pricing_product_settings":{"layout":"default","base_unit_name":{"singular":null,"plural":null},"default_variation":null},"tiered_pricing_minimum_quantity":null,"tiered_pricing_roles_data":[],"tiered_pricing_percentage_rules":[],"_links":{"self":[{"href":"https:\/\/influencesport.ca\/en\/wp-json\/wp\/v2\/product\/583141","targetHints":{"allow":["GET"]}}],"collection":[{"href":"https:\/\/influencesport.ca\/en\/wp-json\/wp\/v2\/product"}],"about":[{"href":"https:\/\/influencesport.ca\/en\/wp-json\/wp\/v2\/types\/product"}],"wp:featuredmedia":[{"embeddable":true,"href":"https:\/\/influencesport.ca\/en\/wp-json\/wp\/v2\/media\/583333"}],"wp:attachment":[{"href":"https:\/\/influencesport.ca\/en\/wp-json\/wp\/v2\/media?parent=583141"}],"wp:term":[{"taxonomy":"product_brand","embeddable":true,"href":"https:\/\/influencesport.ca\/en\/wp-json\/wp\/v2\/product_brand?post=583141"},{"taxonomy":"product_cat","embeddable":true,"href":"https:\/\/influencesport.ca\/en\/wp-json\/wp\/v2\/product_cat?post=583141"},{"taxonomy":"product_tag","embeddable":true,"href":"https:\/\/influencesport.ca\/en\/wp-json\/wp\/v2\/product_tag?post=583141"}],"curies":[{"name":"wp","href":"https:\/\/api.w.org\/{rel}","templated":true}]}}