{"id":582838,"date":"2025-04-23T01:33:55","date_gmt":"2025-04-23T05:33:55","guid":{"rendered":"https:\/\/influencesport.ca\/?post_type=product&#038;p=582838"},"modified":"2026-03-07T16:46:11","modified_gmt":"2026-03-07T21:46:11","slug":"nike-tiempo-legend-10-pro","status":"publish","type":"product","link":"https:\/\/influencesport.ca\/en\/produit\/nike-tiempo-legend-10-pro\/","title":{"rendered":"NIKE TIEMPO LEGEND 10 PRO"},"content":{"rendered":"","protected":false},"excerpt":{"rendered":"<p><strong>D\u00e9tails sur le produit : DV4333-401<\/strong><\/p>\n<p>M\u00eame les l\u00e9gendes savent \u00e9voluer. Con\u00e7ue pour les joueurs s\u00e9rieux, la derni\u00e8re version de cette chaussure Pro est dot\u00e9e du tout nouveau cuir FlyTouch Pro. Plus souple que le cuir naturel, il \u00e9pouse les formes de votre pied et b\u00e9n\u00e9ficie de la technologie All Conditions Control (une texture adh\u00e9rente m\u00eame par temps humide) pour vous permettre de dicter le rythme de votre jeu. Plus l\u00e9g\u00e8re et plus \u00e9l\u00e9gante que toutes les autres Tiempo \u00e0 ce jour, la Legend 10 s&#8217;adapte \u00e0 tous les postes sur le terrain, que vous effectuiez une passe pr\u00e9cise \u00e0 travers la d\u00e9fense ou que vous reculiez pour stopper une \u00e9chapp\u00e9e.<\/p>\n","protected":false},"featured_media":583234,"template":"","meta":{"_et_pb_use_builder":"","_et_pb_old_content":"","_et_gb_content_width":""},"product_brand":[],"product_cat":[16,17],"product_tag":[],"class_list":{"0":"post-582838","1":"product","2":"type-product","3":"status-publish","4":"has-post-thumbnail","6":"product_cat-souliers-soccer","7":"product_cat-crampons","9":"first","10":"instock","11":"taxable","12":"shipping-taxable","13":"purchasable","14":"product-type-variable"},"tiered_pricing_type":"fixed","tiered_pricing_fixed_rules":[],"tiered_pricing_product_settings":{"layout":"default","base_unit_name":{"singular":null,"plural":null},"default_variation":null},"tiered_pricing_minimum_quantity":null,"tiered_pricing_roles_data":[],"tiered_pricing_percentage_rules":[],"_links":{"self":[{"href":"https:\/\/influencesport.ca\/en\/wp-json\/wp\/v2\/product\/582838","targetHints":{"allow":["GET"]}}],"collection":[{"href":"https:\/\/influencesport.ca\/en\/wp-json\/wp\/v2\/product"}],"about":[{"href":"https:\/\/influencesport.ca\/en\/wp-json\/wp\/v2\/types\/product"}],"wp:featuredmedia":[{"embeddable":true,"href":"https:\/\/influencesport.ca\/en\/wp-json\/wp\/v2\/media\/583234"}],"wp:attachment":[{"href":"https:\/\/influencesport.ca\/en\/wp-json\/wp\/v2\/media?parent=582838"}],"wp:term":[{"taxonomy":"product_brand","embeddable":true,"href":"https:\/\/influencesport.ca\/en\/wp-json\/wp\/v2\/product_brand?post=582838"},{"taxonomy":"product_cat","embeddable":true,"href":"https:\/\/influencesport.ca\/en\/wp-json\/wp\/v2\/product_cat?post=582838"},{"taxonomy":"product_tag","embeddable":true,"href":"https:\/\/influencesport.ca\/en\/wp-json\/wp\/v2\/product_tag?post=582838"}],"curies":[{"name":"wp","href":"https:\/\/api.w.org\/{rel}","templated":true}]}}