{"id":582402,"date":"2025-04-17T01:34:37","date_gmt":"2025-04-17T05:34:37","guid":{"rendered":"https:\/\/influencesport.ca\/?post_type=product&#038;p=582402"},"modified":"2025-04-18T15:45:42","modified_gmt":"2025-04-18T19:45:42","slug":"adidas-m-sl-cargo-pt","status":"publish","type":"product","link":"https:\/\/influencesport.ca\/en\/produit\/adidas-m-sl-cargo-pt\/","title":{"rendered":"Adidas M SL Cargo PT"},"content":{"rendered":"","protected":false},"excerpt":{"rendered":"<p><strong>D\u00e9tails sur le produit : JF3538<\/strong><\/p>\n<p>Voici le pantalon cargo Essentials Small Logo, un choix moderne et polyvalent pour l&#8217;homme actif. Enti\u00e8rement confectionn\u00e9 en poly\u00e9thyl\u00e8ne t\u00e9r\u00e9phtalate recycl\u00e9, ce pantalon tiss\u00e9 offre une coupe am\u00e9lior\u00e9e et des d\u00e9tails soign\u00e9s pour un look d\u00e9contract\u00e9 au quotidien. Le logo \u00e0 trois barres brod\u00e9 ajoute une touche de charme adidas. Con\u00e7u dans une optique de d\u00e9veloppement durable, ce pantalon est aussi bon pour vous que pour l&#8217;environnement.<\/p>\n","protected":false},"featured_media":582601,"template":"","meta":{"_et_pb_use_builder":"","_et_pb_old_content":"","_et_gb_content_width":""},"product_brand":[],"product_cat":[1379,20],"product_tag":[],"class_list":{"0":"post-582402","1":"product","2":"type-product","3":"status-publish","4":"has-post-thumbnail","6":"product_cat-pantalons-leggings-vetements","7":"product_cat-vetements","9":"first","10":"instock","11":"taxable","12":"shipping-taxable","13":"purchasable","14":"product-type-variable"},"tiered_pricing_type":"fixed","tiered_pricing_fixed_rules":[],"tiered_pricing_product_settings":{"layout":"default","base_unit_name":{"singular":null,"plural":null},"default_variation":null},"tiered_pricing_minimum_quantity":null,"tiered_pricing_roles_data":[],"tiered_pricing_percentage_rules":[],"_links":{"self":[{"href":"https:\/\/influencesport.ca\/en\/wp-json\/wp\/v2\/product\/582402","targetHints":{"allow":["GET"]}}],"collection":[{"href":"https:\/\/influencesport.ca\/en\/wp-json\/wp\/v2\/product"}],"about":[{"href":"https:\/\/influencesport.ca\/en\/wp-json\/wp\/v2\/types\/product"}],"wp:featuredmedia":[{"embeddable":true,"href":"https:\/\/influencesport.ca\/en\/wp-json\/wp\/v2\/media\/582601"}],"wp:attachment":[{"href":"https:\/\/influencesport.ca\/en\/wp-json\/wp\/v2\/media?parent=582402"}],"wp:term":[{"taxonomy":"product_brand","embeddable":true,"href":"https:\/\/influencesport.ca\/en\/wp-json\/wp\/v2\/product_brand?post=582402"},{"taxonomy":"product_cat","embeddable":true,"href":"https:\/\/influencesport.ca\/en\/wp-json\/wp\/v2\/product_cat?post=582402"},{"taxonomy":"product_tag","embeddable":true,"href":"https:\/\/influencesport.ca\/en\/wp-json\/wp\/v2\/product_tag?post=582402"}],"curies":[{"name":"wp","href":"https:\/\/api.w.org\/{rel}","templated":true}]}}