{"id":581535,"date":"2025-04-10T01:33:24","date_gmt":"2025-04-10T05:33:24","guid":{"rendered":"https:\/\/influencesport.ca\/?post_type=product&#038;p=581535"},"modified":"2025-05-30T14:19:53","modified_gmt":"2025-05-30T18:19:53","slug":"adidas-samba-dfb","status":"publish","type":"product","link":"https:\/\/influencesport.ca\/en\/produit\/adidas-samba-dfb\/","title":{"rendered":"Adidas Samba DFB"},"content":{"rendered":"","protected":false},"excerpt":{"rendered":"<p><strong>D\u00e9tails sur le produit : JH5649<\/strong><\/p>\n<p>Encouragez l&#8217;Allemagne lors d&#8217;une saison sp\u00e9ciale de son histoire. Issues d&#8217;une collection c\u00e9l\u00e9brant les 125 ans de la F\u00e9d\u00e9ration allemande de football, ces chaussures adidas Samba arborent des d\u00e9tails comm\u00e9moratifs raffin\u00e9s. Elles vous offriront un confort optimal gr\u00e2ce \u00e0 leur tige en cuir, leur bout en daim, leur semelle int\u00e9rieure en EVA et leur semelle ext\u00e9rieure en caoutchouc adh\u00e9rente.<\/p>\n<ul class=\"m-contentContainer__copyElement\">\n<li><span>360 TORSION TAPE : Support lat\u00e9ral et m\u00e9dial de 360 \u200b\u200bTorsion Tape inspir\u00e9 du taping sportif<\/span><\/li>\n<li><span>Tige en mesh : la tige en mesh est respirante, tandis que la conception mi-montante assure une stabilit\u00e9 optimale<\/span><\/li>\n<li><span>Semelle ext\u00e9rieure int\u00e9rieure : la configuration de la semelle ext\u00e9rieure amplifie la rotation, la traction et la stabilit\u00e9 sur<\/span><\/li>\n<li><span>surfaces planes et int\u00e9rieures<\/span><\/li>\n<li><span>Semelle int\u00e9rieure : Semelle int\u00e9rieure en EVA d\u00e9coup\u00e9e pour plus de l\u00e9g\u00e8ret\u00e9 et de confort.<\/span><\/li>\n<li><span>3 BANDES CONTRAST\u00c9ES : 3 bandes et languette de talon contrast\u00e9es<\/span><\/li>\n<li><span>Tige : Rev\u00eatement en daim pour une r\u00e9sistance \u00e0 l&#8217;abrasion et une protection sup\u00e9rieure.<\/span><\/li>\n<li><span>Tige : Tige en cuir synth\u00e9tique pour plus de l\u00e9g\u00e8ret\u00e9 et de durabilit\u00e9.<\/span><\/li>\n<li><span>CUIR : Tige en cuir pleine fleur avec empi\u00e8cements en daim offrant soutien et protection<\/span><\/li>\n<li><span>DOUBLURE SYNTH\u00c9TIQUE : Doublure synth\u00e9tique pour plus de confort<\/span><\/li>\n<\/ul>\n","protected":false},"featured_media":581638,"template":"","meta":{"_et_pb_use_builder":"","_et_pb_old_content":"","_et_gb_content_width":""},"product_brand":[],"product_cat":[1369],"product_tag":[],"class_list":{"0":"post-581535","1":"product","2":"type-product","3":"status-publish","4":"has-post-thumbnail","6":"product_cat-autres-soulier","8":"first","9":"instock","10":"taxable","11":"shipping-taxable","12":"purchasable","13":"product-type-variable"},"tiered_pricing_type":"fixed","tiered_pricing_fixed_rules":[],"tiered_pricing_product_settings":{"layout":"default","base_unit_name":{"singular":null,"plural":null},"default_variation":null},"tiered_pricing_minimum_quantity":null,"tiered_pricing_roles_data":[],"tiered_pricing_percentage_rules":[],"_links":{"self":[{"href":"https:\/\/influencesport.ca\/en\/wp-json\/wp\/v2\/product\/581535","targetHints":{"allow":["GET"]}}],"collection":[{"href":"https:\/\/influencesport.ca\/en\/wp-json\/wp\/v2\/product"}],"about":[{"href":"https:\/\/influencesport.ca\/en\/wp-json\/wp\/v2\/types\/product"}],"wp:featuredmedia":[{"embeddable":true,"href":"https:\/\/influencesport.ca\/en\/wp-json\/wp\/v2\/media\/581638"}],"wp:attachment":[{"href":"https:\/\/influencesport.ca\/en\/wp-json\/wp\/v2\/media?parent=581535"}],"wp:term":[{"taxonomy":"product_brand","embeddable":true,"href":"https:\/\/influencesport.ca\/en\/wp-json\/wp\/v2\/product_brand?post=581535"},{"taxonomy":"product_cat","embeddable":true,"href":"https:\/\/influencesport.ca\/en\/wp-json\/wp\/v2\/product_cat?post=581535"},{"taxonomy":"product_tag","embeddable":true,"href":"https:\/\/influencesport.ca\/en\/wp-json\/wp\/v2\/product_tag?post=581535"}],"curies":[{"name":"wp","href":"https:\/\/api.w.org\/{rel}","templated":true}]}}