{"id":581177,"date":"2025-04-09T01:32:34","date_gmt":"2025-04-09T05:32:34","guid":{"rendered":"https:\/\/influencesport.ca\/?post_type=product&#038;p=581177"},"modified":"2026-01-16T16:54:03","modified_gmt":"2026-01-16T21:54:03","slug":"birkenstock-arizona-bs","status":"publish","type":"product","link":"https:\/\/influencesport.ca\/en\/produit\/birkenstock-arizona-bs\/","title":{"rendered":"Birkenstock Arizona BS"},"content":{"rendered":"","protected":false},"excerpt":{"rendered":"<p><strong>D\u00e9tails sur le produit : 0451161<\/strong><\/p>\n<p><span class=\"product-description-text\"><span>Souvent imit\u00e9e, jamais \u00e9gal\u00e9e, la merveille \u00e0 deux brides de Birkenstock, v\u00e9ritable r\u00e9f\u00e9rence. L\u00e9gende du confort et incontournable de la mode. Gr\u00e2ce \u00e0 ses brides r\u00e9glables et \u00e0 sa semelle int\u00e9rieure en li\u00e8ge magique qui \u00e9pouse la forme de votre pied, un chaussant sur mesure est aussi simple que le mod\u00e8le classique.<\/span><\/span><\/p>\n<ul class=\"product-description-list\" data-gtm-vis-first-on-screen2014881_7301=\"85667\" data-gtm-vis-total-visible-time2014881_7301=\"100\" data-gtm-vis-has-fired2014881_7301=\"1\">\n<li><span>\u00ab Fabriqu\u00e9 en Allemagne \u00bb<\/span><\/li>\n<li><span>Forme du talon : plat<\/span><\/li>\n<li><span>Birko-Flor &#8211; mat\u00e9riau sup\u00e9rieur synth\u00e9tique durable avec une finition semblable au cuir et un dos souple<\/span><\/li>\n<li><span>La semelle int\u00e9rieure profil\u00e9e en li\u00e8ge \u00e9pouse la forme de votre pied et pr\u00e9sente un soutien prononc\u00e9 de la vo\u00fbte plantaire, un talon profond et une zone d&#8217;orteils spacieuse ; doubl\u00e9e de daim<\/span><\/li>\n<li><span>Semelle l\u00e9g\u00e8re en EVA pour l&#8217;amorti et l&#8217;absorption des chocs<\/span><\/li>\n<li><span>\u00c9vitez la chaleur extr\u00eame<\/span><\/li>\n<\/ul>\n","protected":false},"featured_media":581591,"template":"","meta":{"_et_pb_use_builder":"","_et_pb_old_content":"","_et_gb_content_width":""},"product_brand":[],"product_cat":[1365],"product_tag":[],"class_list":{"0":"post-581177","1":"product","2":"type-product","3":"status-publish","4":"has-post-thumbnail","6":"product_cat-sandales","8":"first","9":"instock","10":"taxable","11":"shipping-taxable","12":"purchasable","13":"product-type-variable"},"tiered_pricing_type":"fixed","tiered_pricing_fixed_rules":[],"tiered_pricing_product_settings":{"layout":"default","base_unit_name":{"singular":null,"plural":null},"default_variation":null},"tiered_pricing_minimum_quantity":null,"tiered_pricing_roles_data":[],"tiered_pricing_percentage_rules":[],"_links":{"self":[{"href":"https:\/\/influencesport.ca\/en\/wp-json\/wp\/v2\/product\/581177","targetHints":{"allow":["GET"]}}],"collection":[{"href":"https:\/\/influencesport.ca\/en\/wp-json\/wp\/v2\/product"}],"about":[{"href":"https:\/\/influencesport.ca\/en\/wp-json\/wp\/v2\/types\/product"}],"wp:featuredmedia":[{"embeddable":true,"href":"https:\/\/influencesport.ca\/en\/wp-json\/wp\/v2\/media\/581591"}],"wp:attachment":[{"href":"https:\/\/influencesport.ca\/en\/wp-json\/wp\/v2\/media?parent=581177"}],"wp:term":[{"taxonomy":"product_brand","embeddable":true,"href":"https:\/\/influencesport.ca\/en\/wp-json\/wp\/v2\/product_brand?post=581177"},{"taxonomy":"product_cat","embeddable":true,"href":"https:\/\/influencesport.ca\/en\/wp-json\/wp\/v2\/product_cat?post=581177"},{"taxonomy":"product_tag","embeddable":true,"href":"https:\/\/influencesport.ca\/en\/wp-json\/wp\/v2\/product_tag?post=581177"}],"curies":[{"name":"wp","href":"https:\/\/api.w.org\/{rel}","templated":true}]}}