{"id":568244,"date":"2025-04-08T01:26:02","date_gmt":"2025-04-08T05:26:02","guid":{"rendered":"https:\/\/influencesport.ca\/?post_type=product&#038;p=568244"},"modified":"2026-01-17T01:42:37","modified_gmt":"2026-01-17T06:42:37","slug":"arizona-khaki-eva-regular","status":"publish","type":"product","link":"https:\/\/influencesport.ca\/en\/produit\/arizona-khaki-eva-regular\/","title":{"rendered":"Arizona Khaki EVA Regular"},"content":{"rendered":"","protected":false},"excerpt":{"rendered":"<p><strong>D\u00e9tails sur le produit : 1019094<\/strong><\/p>\n<p><span class=\"product-description-text\">L\u2019Arizona de BIRKENSTOCK est le mod\u00e8le l\u00e9gendaire de sandale \u00e0 deux\u00a0brides. Un style embl\u00e9matique associ\u00e9 au confort de l\u2019assise plantaire caract\u00e9ristique de BIRKENSTOCK. Pr\u00e9sent\u00e9e en CAV\/E, une mati\u00e8re synth\u00e9tique l\u00e9g\u00e8re et \u00e9tanche.<\/span><\/p>\n<ul class=\"product-description-list\" data-gtm-vis-first-on-screen2014881_7301=\"38050\" data-gtm-vis-total-visible-time2014881_7301=\"100\" data-gtm-vis-has-fired2014881_7301=\"1\">\n<li>Assise plantaire anatomique en CAV\/E de BIRKENSTOCK<\/li>\n<li>Dessus, rev\u00eatement, semelle\u00a0: CAV\/E monopi\u00e8ce<\/li>\n<li>D\u00e9tails\u00a0: \u00c9tanche, lavable, ultral\u00e9g\u00e8re<\/li>\n<li>Fabriqu\u00e9e en Allemagne<\/li>\n<\/ul>\n","protected":false},"featured_media":581427,"template":"","meta":{"_et_pb_use_builder":"","_et_pb_old_content":"","_et_gb_content_width":""},"product_brand":[],"product_cat":[1365],"product_tag":[],"class_list":{"0":"post-568244","1":"product","2":"type-product","3":"status-publish","4":"has-post-thumbnail","6":"product_cat-sandales","8":"first","9":"instock","10":"taxable","11":"shipping-taxable","12":"purchasable","13":"product-type-variable"},"tiered_pricing_type":"fixed","tiered_pricing_fixed_rules":[],"tiered_pricing_product_settings":{"layout":"default","base_unit_name":{"singular":null,"plural":null},"default_variation":null},"tiered_pricing_minimum_quantity":null,"tiered_pricing_roles_data":[],"tiered_pricing_percentage_rules":[],"_links":{"self":[{"href":"https:\/\/influencesport.ca\/en\/wp-json\/wp\/v2\/product\/568244","targetHints":{"allow":["GET"]}}],"collection":[{"href":"https:\/\/influencesport.ca\/en\/wp-json\/wp\/v2\/product"}],"about":[{"href":"https:\/\/influencesport.ca\/en\/wp-json\/wp\/v2\/types\/product"}],"wp:featuredmedia":[{"embeddable":true,"href":"https:\/\/influencesport.ca\/en\/wp-json\/wp\/v2\/media\/581427"}],"wp:attachment":[{"href":"https:\/\/influencesport.ca\/en\/wp-json\/wp\/v2\/media?parent=568244"}],"wp:term":[{"taxonomy":"product_brand","embeddable":true,"href":"https:\/\/influencesport.ca\/en\/wp-json\/wp\/v2\/product_brand?post=568244"},{"taxonomy":"product_cat","embeddable":true,"href":"https:\/\/influencesport.ca\/en\/wp-json\/wp\/v2\/product_cat?post=568244"},{"taxonomy":"product_tag","embeddable":true,"href":"https:\/\/influencesport.ca\/en\/wp-json\/wp\/v2\/product_tag?post=568244"}],"curies":[{"name":"wp","href":"https:\/\/api.w.org\/{rel}","templated":true}]}}