{"id":568236,"date":"2025-04-08T01:25:51","date_gmt":"2025-04-08T05:25:51","guid":{"rendered":"https:\/\/influencesport.ca\/?post_type=product&#038;p=568236"},"modified":"2026-01-16T16:51:15","modified_gmt":"2026-01-16T21:51:15","slug":"birkenstock-arizona-eva-2","status":"publish","type":"product","link":"https:\/\/influencesport.ca\/en\/produit\/birkenstock-arizona-eva-2\/","title":{"rendered":"Birkenstock Arizona EVA"},"content":{"rendered":"","protected":false},"excerpt":{"rendered":"<p><strong>D\u00e9tails sur le produit : 0129423<\/strong><\/p>\n<p><span class=\"product-description-text\"><span>Le mod\u00e8le l\u00e9gendaire \u00e0 deux brides de BIRKENSTOCK\u00a0: l&#8217;Arizona. Inspir\u00e9e du mod\u00e8le original en li\u00e8ge, cette sandale est fabriqu\u00e9e en EVA ultra-l\u00e9ger et tr\u00e8s flexible. Absorbant les chocs, imperm\u00e9able et douce pour la peau, elle est id\u00e9ale \u00e0 la plage, au jardin, \u00e0 la salle de sport et apr\u00e8s l&#8217;entra\u00eenement. Elle compl\u00e8te parfaitement vos sandales BIRKENSTOCK classiques.<\/span><\/span><\/p>\n<ul class=\"product-description-list\" data-gtm-vis-first-on-screen2014881_7301=\"7145\" data-gtm-vis-total-visible-time2014881_7301=\"100\" data-gtm-vis-has-fired2014881_7301=\"1\">\n<li><span>Semelle int\u00e9rieure BIRKENSTOCK de forme anatomique en EVA<\/span><\/li>\n<li><span>Tige\/doublure\/semelle : EVA moul\u00e9 d&#8217;une seule pi\u00e8ce<\/span><\/li>\n<li><span>D\u00e9tails : deux sangles, chacune avec une boucle ardillon r\u00e9glable individuellement ; imperm\u00e9able, lavable, ultra l\u00e9ger<\/span><\/li>\n<li><span>\u00ab Fabriqu\u00e9 en Allemagne \u00bb<\/span><\/li>\n<\/ul>\n","protected":false},"featured_media":581412,"template":"","meta":{"_et_pb_use_builder":"","_et_pb_old_content":"","_et_gb_content_width":""},"product_brand":[],"product_cat":[1365],"product_tag":[],"class_list":{"0":"post-568236","1":"product","2":"type-product","3":"status-publish","4":"has-post-thumbnail","6":"product_cat-sandales","8":"first","9":"instock","10":"taxable","11":"shipping-taxable","12":"purchasable","13":"product-type-variable"},"tiered_pricing_type":"fixed","tiered_pricing_fixed_rules":[],"tiered_pricing_product_settings":{"layout":"default","base_unit_name":{"singular":null,"plural":null},"default_variation":null},"tiered_pricing_minimum_quantity":null,"tiered_pricing_roles_data":[],"tiered_pricing_percentage_rules":[],"_links":{"self":[{"href":"https:\/\/influencesport.ca\/en\/wp-json\/wp\/v2\/product\/568236","targetHints":{"allow":["GET"]}}],"collection":[{"href":"https:\/\/influencesport.ca\/en\/wp-json\/wp\/v2\/product"}],"about":[{"href":"https:\/\/influencesport.ca\/en\/wp-json\/wp\/v2\/types\/product"}],"wp:featuredmedia":[{"embeddable":true,"href":"https:\/\/influencesport.ca\/en\/wp-json\/wp\/v2\/media\/581412"}],"wp:attachment":[{"href":"https:\/\/influencesport.ca\/en\/wp-json\/wp\/v2\/media?parent=568236"}],"wp:term":[{"taxonomy":"product_brand","embeddable":true,"href":"https:\/\/influencesport.ca\/en\/wp-json\/wp\/v2\/product_brand?post=568236"},{"taxonomy":"product_cat","embeddable":true,"href":"https:\/\/influencesport.ca\/en\/wp-json\/wp\/v2\/product_cat?post=568236"},{"taxonomy":"product_tag","embeddable":true,"href":"https:\/\/influencesport.ca\/en\/wp-json\/wp\/v2\/product_tag?post=568236"}],"curies":[{"name":"wp","href":"https:\/\/api.w.org\/{rel}","templated":true}]}}