{"id":568054,"date":"2025-04-05T01:25:58","date_gmt":"2025-04-05T05:25:58","guid":{"rendered":"https:\/\/influencesport.ca\/?post_type=product&#038;p=568054"},"modified":"2026-01-17T01:42:47","modified_gmt":"2026-01-17T06:42:47","slug":"arizona-pure-sage-eva-narrow","status":"publish","type":"product","link":"https:\/\/influencesport.ca\/en\/produit\/arizona-pure-sage-eva-narrow\/","title":{"rendered":"Arizona Pure Sage EVA Narrow"},"content":{"rendered":"","protected":false},"excerpt":{"rendered":"<p><strong>D\u00e9tails sur le produit : 1029653<\/strong><\/p>\n<p><span>Le mod\u00e8le l\u00e9gendaire \u00e0 deux brides de BIRKENSTOCK\u00a0: l&#8217;Arizona. Inspir\u00e9e du mod\u00e8le original en li\u00e8ge, cette sandale est fabriqu\u00e9e en EVA ultra-l\u00e9ger et tr\u00e8s flexible. Absorbant les chocs, imperm\u00e9able et douce pour la peau, elle est id\u00e9ale \u00e0 la plage, au jardin, \u00e0 la salle de sport et apr\u00e8s l&#8217;entra\u00eenement. Elle compl\u00e8te parfaitement vos sandales BIRKENSTOCK classiques.<\/span><\/p>\n<p><span>Particuli\u00e8rement adapt\u00e9es aux endroits humides comme le sauna, la piscine, la plage ou l&#8217;oc\u00e9an, les chaussures Birkenstock en EVA sont une alternative aux tongs.<\/span><\/p>\n<ul>\n<li><span>Semelle int\u00e9rieure BIRKENSTOCK de forme anatomique en EVA<\/span><\/li>\n<li><span>Tige\/doublure\/semelle : EVA moul\u00e9 d&#8217;une seule pi\u00e8ce<\/span><\/li>\n<li><span>D\u00e9tails : deux sangles, chacune avec une boucle ardillon r\u00e9glable individuellement ; imperm\u00e9able, lavable, ultra l\u00e9ger<\/span><\/li>\n<li><span>Fabriqu\u00e9 en Allemagne<\/span><\/li>\n<\/ul>\n<div><strong><span>Informations sur le produit<\/span><\/strong><\/div>\n<div><\/div>\n<div><span>Tout au long de notre vie, aucune autre partie de notre corps n&#8217;est soumise \u00e0 une pression aussi forte que nos pieds. Ils \u00e9quilibrent le corps, absorbent les chocs et supportent son poids total. C&#8217;est pourquoi les chaussures Birkenstock sont con\u00e7ues pour offrir un soutien optimal \u00e0 vos pieds.<\/span><\/div>\n<p><b>\u00a0<\/b><\/p>\n<div><b><span>La semelle int\u00e9rieure originale Birkenstock,<\/span><\/b><\/p>\n<p><b><span>un design l\u00e9gendaire<\/span><\/b><\/div>\n<div><span>Au c\u0153ur de tous les mod\u00e8les se trouve la semelle int\u00e9rieure originale BIRKENSTOCK. Sa conception, pens\u00e9e dans les moindres d\u00e9tails et offrant la sensation d&#8217;\u00eatre dans le sable, offre un confort optimal \u00e0 vos pieds pendant des heures. Elle favorise la sant\u00e9 et le bien-\u00eatre.<\/span><\/p>\n<div><strong><span>Talon profond<\/span><\/strong><\/div>\n<div><span>Le moulage tr\u00e8s profond au niveau du talon soutient les tissus du pied et maintient fermement l&#8217;os du talon dans sa position naturelle. Cela offre au pied un soutien presque aussi important dans une sandale que dans une chaussure ferm\u00e9e.<\/span><\/p>\n<div><strong><span>Moule \u00e0 talon<\/span><\/strong><\/div>\n<div><span>Active les muscles du mollet, stabilise l&#8217;arri\u00e8re du pied et am\u00e9liore la d\u00e9marche et la coordination.<\/span><\/p>\n<div><strong><span>Supports d&#8217;arche longitudinaux int\u00e9rieurs et ext\u00e9rieurs<\/span><\/strong><\/div>\n<div><span>Les supports de vo\u00fbte plantaire qui longent les c\u00f4t\u00e9s de la semelle entourent les os du tarse \u00e0 l&#8217;int\u00e9rieur et \u00e0 l&#8217;ext\u00e9rieur. Cela conf\u00e8re au pied la stabilit\u00e9 n\u00e9cessaire lors de chaque pas.<\/span><\/p>\n<div><strong><span>Support de vo\u00fbte plantaire transversale<\/span><\/strong><\/div>\n<div><span>Le support qui traverse le milieu de la semelle stabilise le m\u00e9tatarse. Ainsi, le soutien transversal de la vo\u00fbte plantaire contribue \u00e0 assurer une position naturellement droite et stable du pied.<\/span><\/p>\n<div><strong><span>Prise des orteils<\/span><\/strong><\/div>\n<div><span>Des \u00e9chancrures sur\u00e9lev\u00e9es sont pr\u00e9sentes \u00e0 l&#8217;avant de la semelle, pr\u00e8s des orteils. Gr\u00e2ce \u00e0 ce syst\u00e8me d&#8217;adh\u00e9rence, les orteils restent souples et \u00e9cart\u00e9s dans leur position naturelle. Ces \u00e9chancrures favorisent \u00e9galement le mouvement naturel de d\u00e9roulement des orteils.<\/span><\/p>\n<div><strong><span>Bord de la semelle int\u00e9rieure<\/span><\/strong><\/div>\n<div><span>La semelle int\u00e9rieure est particuli\u00e8rement haute \u00e0 l&#8217;avant, ce qui prot\u00e8ge les orteils lors du d\u00e9roulement du pied.<\/span><\/div>\n<\/div>\n<\/div>\n<\/div>\n<\/div>\n<\/div>\n<\/div>\n","protected":false},"featured_media":581376,"template":"","meta":{"_et_pb_use_builder":"","_et_pb_old_content":"","_et_gb_content_width":""},"product_brand":[],"product_cat":[1365],"product_tag":[],"class_list":{"0":"post-568054","1":"product","2":"type-product","3":"status-publish","4":"has-post-thumbnail","6":"product_cat-sandales","8":"first","9":"instock","10":"taxable","11":"shipping-taxable","12":"purchasable","13":"product-type-variable"},"tiered_pricing_type":"fixed","tiered_pricing_fixed_rules":[],"tiered_pricing_product_settings":{"layout":"default","base_unit_name":{"singular":null,"plural":null},"default_variation":null},"tiered_pricing_minimum_quantity":null,"tiered_pricing_roles_data":[],"tiered_pricing_percentage_rules":[],"_links":{"self":[{"href":"https:\/\/influencesport.ca\/en\/wp-json\/wp\/v2\/product\/568054","targetHints":{"allow":["GET"]}}],"collection":[{"href":"https:\/\/influencesport.ca\/en\/wp-json\/wp\/v2\/product"}],"about":[{"href":"https:\/\/influencesport.ca\/en\/wp-json\/wp\/v2\/types\/product"}],"wp:featuredmedia":[{"embeddable":true,"href":"https:\/\/influencesport.ca\/en\/wp-json\/wp\/v2\/media\/581376"}],"wp:attachment":[{"href":"https:\/\/influencesport.ca\/en\/wp-json\/wp\/v2\/media?parent=568054"}],"wp:term":[{"taxonomy":"product_brand","embeddable":true,"href":"https:\/\/influencesport.ca\/en\/wp-json\/wp\/v2\/product_brand?post=568054"},{"taxonomy":"product_cat","embeddable":true,"href":"https:\/\/influencesport.ca\/en\/wp-json\/wp\/v2\/product_cat?post=568054"},{"taxonomy":"product_tag","embeddable":true,"href":"https:\/\/influencesport.ca\/en\/wp-json\/wp\/v2\/product_tag?post=568054"}],"curies":[{"name":"wp","href":"https:\/\/api.w.org\/{rel}","templated":true}]}}