{"id":568048,"date":"2025-04-05T01:25:49","date_gmt":"2025-04-05T05:25:49","guid":{"rendered":"https:\/\/influencesport.ca\/?post_type=product&#038;p=568048"},"modified":"2026-01-17T01:42:41","modified_gmt":"2026-01-17T06:42:41","slug":"arizona-eggshell-eva-narrow","status":"publish","type":"product","link":"https:\/\/influencesport.ca\/en\/produit\/arizona-eggshell-eva-narrow\/","title":{"rendered":"Arizona Eggshell EVA Narrow"},"content":{"rendered":"","protected":false},"excerpt":{"rendered":"<p><strong>D\u00e9tails sur le produit : 1027384<\/strong><\/p>\n<ul>\n<li>Assise plantaire BIRKENSTOCK de forme automatique en EVA<\/li>\n<li>Bretelles r\u00e9glables avec boucles \u00e0 ardillon<\/li>\n<li>Tige ultra l\u00e9g\u00e8re moul\u00e9e d&#8217;une seule pi\u00e8ce en EVA<\/li>\n<li>Imperm\u00e9able, lavable et flexible<\/li>\n<li>Label de qualit\u00e9 \u00ab\u00a0Made in Germany\u00a0\u00bb sur la semelle int\u00e9rieure<\/li>\n<li>Couleur du produit : blanc coquille d&#8217;\u0153uf.<\/li>\n<\/ul>\n<p>&nbsp;<\/p>\n","protected":false},"featured_media":581361,"template":"","meta":{"_et_pb_use_builder":"","_et_pb_old_content":"","_et_gb_content_width":""},"product_brand":[],"product_cat":[1365],"product_tag":[],"class_list":{"0":"post-568048","1":"product","2":"type-product","3":"status-publish","4":"has-post-thumbnail","6":"product_cat-sandales","8":"first","9":"instock","10":"taxable","11":"shipping-taxable","12":"purchasable","13":"product-type-variable"},"tiered_pricing_type":"fixed","tiered_pricing_fixed_rules":[],"tiered_pricing_product_settings":{"layout":"default","base_unit_name":{"singular":null,"plural":null},"default_variation":null},"tiered_pricing_minimum_quantity":null,"tiered_pricing_roles_data":[],"tiered_pricing_percentage_rules":[],"_links":{"self":[{"href":"https:\/\/influencesport.ca\/en\/wp-json\/wp\/v2\/product\/568048","targetHints":{"allow":["GET"]}}],"collection":[{"href":"https:\/\/influencesport.ca\/en\/wp-json\/wp\/v2\/product"}],"about":[{"href":"https:\/\/influencesport.ca\/en\/wp-json\/wp\/v2\/types\/product"}],"wp:featuredmedia":[{"embeddable":true,"href":"https:\/\/influencesport.ca\/en\/wp-json\/wp\/v2\/media\/581361"}],"wp:attachment":[{"href":"https:\/\/influencesport.ca\/en\/wp-json\/wp\/v2\/media?parent=568048"}],"wp:term":[{"taxonomy":"product_brand","embeddable":true,"href":"https:\/\/influencesport.ca\/en\/wp-json\/wp\/v2\/product_brand?post=568048"},{"taxonomy":"product_cat","embeddable":true,"href":"https:\/\/influencesport.ca\/en\/wp-json\/wp\/v2\/product_cat?post=568048"},{"taxonomy":"product_tag","embeddable":true,"href":"https:\/\/influencesport.ca\/en\/wp-json\/wp\/v2\/product_tag?post=568048"}],"curies":[{"name":"wp","href":"https:\/\/api.w.org\/{rel}","templated":true}]}}