{"id":568043,"date":"2025-04-05T01:25:39","date_gmt":"2025-04-05T05:25:39","guid":{"rendered":"https:\/\/influencesport.ca\/?post_type=product&#038;p=568043"},"modified":"2026-01-16T16:58:32","modified_gmt":"2026-01-16T21:58:32","slug":"arizona-roast-eva-regular","status":"publish","type":"product","link":"https:\/\/influencesport.ca\/en\/produit\/arizona-roast-eva-regular\/","title":{"rendered":"Arizona Roast EVA Regular"},"content":{"rendered":"","protected":false},"excerpt":{"rendered":"<p><strong>D\u00e9tails sur le produit : 1027328<\/strong><\/p>\n<p>Le l\u00e9gendaire mod\u00e8le \u00e0 deux brides de BIRKENSTOCK &#8211; l&#8217;Arizona. Inspir\u00e9e du mod\u00e8le original en li\u00e8ge, cette sandale est fabriqu\u00e9e en EVA ultra l\u00e9ger et tr\u00e8s flexible. Ces sandales absorbent les chocs, sont imperm\u00e9ables et respectueuses de la peau. Portez-les \u00e0 la plage, dans le jardin, \u00e0 la salle de sport ou apr\u00e8s l&#8217;entra\u00eenement. C&#8217;est le compl\u00e9ment parfait de vos sandales BIRKENSTOCK classiques.<\/p>\n<p>Particuli\u00e8rement adapt\u00e9e aux endroits humides tels que le sauna, la piscine, la plage ou l\u2019oc\u00e9an, les articles Birkenstock fait en EVA sont une alternative aux flip-flops.<\/p>\n<ul>\n<li>Largeur\u00a0R\u00e9guli\u00e8re<\/li>\n<li>Semelle BIRKENSTOCK de forme anatomique en EVA.<\/li>\n<li>Dessus\/doublure\/semelle : EVA moul\u00e9 d&#8217;une seule pi\u00e8ce<\/li>\n<li>D\u00e9tails : deux lani\u00e8res, chacune avec une boucle \u00e0 ardillon r\u00e9glable individuellement ; imperm\u00e9able, lavable, ultra l\u00e9ger.<\/li>\n<li>Fabriqu\u00e9 en Allemagne<\/li>\n<\/ul>\n<p><strong>Information sur le produit<\/strong><\/p>\n<p>Au cours de notre vie, aucune autre partie de notre corps ne subit autant de pression que nos pieds. Ils assurent l&#8217;\u00e9quilibre du corps, absorbent les chocs et soutiennent le poids total du corps. Voil\u00e0 pourquoi les chaussures Birkenstock sont dessin\u00e9es pour offrir un soutien optimal \u00e0 vos pieds.<\/p>\n","protected":false},"featured_media":581350,"template":"","meta":{"_et_pb_use_builder":"","_et_pb_old_content":"","_et_gb_content_width":""},"product_brand":[],"product_cat":[1365,15],"product_tag":[],"class_list":{"0":"post-568043","1":"product","2":"type-product","3":"status-publish","4":"has-post-thumbnail","6":"product_cat-sandales","7":"product_cat-non-classe","9":"first","10":"instock","11":"taxable","12":"shipping-taxable","13":"purchasable","14":"product-type-variable"},"tiered_pricing_type":"fixed","tiered_pricing_fixed_rules":[],"tiered_pricing_product_settings":{"layout":"default","base_unit_name":{"singular":null,"plural":null},"default_variation":null},"tiered_pricing_minimum_quantity":null,"tiered_pricing_roles_data":[],"tiered_pricing_percentage_rules":[],"_links":{"self":[{"href":"https:\/\/influencesport.ca\/en\/wp-json\/wp\/v2\/product\/568043","targetHints":{"allow":["GET"]}}],"collection":[{"href":"https:\/\/influencesport.ca\/en\/wp-json\/wp\/v2\/product"}],"about":[{"href":"https:\/\/influencesport.ca\/en\/wp-json\/wp\/v2\/types\/product"}],"wp:featuredmedia":[{"embeddable":true,"href":"https:\/\/influencesport.ca\/en\/wp-json\/wp\/v2\/media\/581350"}],"wp:attachment":[{"href":"https:\/\/influencesport.ca\/en\/wp-json\/wp\/v2\/media?parent=568043"}],"wp:term":[{"taxonomy":"product_brand","embeddable":true,"href":"https:\/\/influencesport.ca\/en\/wp-json\/wp\/v2\/product_brand?post=568043"},{"taxonomy":"product_cat","embeddable":true,"href":"https:\/\/influencesport.ca\/en\/wp-json\/wp\/v2\/product_cat?post=568043"},{"taxonomy":"product_tag","embeddable":true,"href":"https:\/\/influencesport.ca\/en\/wp-json\/wp\/v2\/product_tag?post=568043"}],"curies":[{"name":"wp","href":"https:\/\/api.w.org\/{rel}","templated":true}]}}