{"id":568029,"date":"2025-04-04T01:27:37","date_gmt":"2025-04-04T05:27:37","guid":{"rendered":"https:\/\/influencesport.ca\/?post_type=product&#038;p=568029"},"modified":"2026-02-18T16:39:51","modified_gmt":"2026-02-18T21:39:51","slug":"adidas-ballon-ucl-training-2","status":"publish","type":"product","link":"https:\/\/influencesport.ca\/en\/produit\/adidas-ballon-ucl-training-2\/","title":{"rendered":"Adidas Ballon UCL Training"},"content":{"rendered":"","protected":false},"excerpt":{"rendered":"<p><strong>D\u00e9tails sur le produit : JH1280<\/strong><\/p>\n<p>Rev\u00eatu du vert des d\u00f4mes en cuivre patin\u00e9 de Munich et d&#8217;un fond de carte postale, ce ballon de football adidas Training s&#8217;inspire du design du ballon de match officiel de l&#8217;UCL. Cousu \u00e0 la machine pour r\u00e9sister aux rigueurs des entra\u00eenements, son rev\u00eatement en TPU arbore des d\u00e9tails complexes de la ville et le logo du tournoi. Un effet hologramme sp\u00e9cial lui conf\u00e8re un look remarquable.<\/p>\n","protected":false},"featured_media":581335,"template":"","meta":{"_et_pb_use_builder":"","_et_pb_old_content":"","_et_gb_content_width":""},"product_brand":[],"product_cat":[43],"product_tag":[],"class_list":{"0":"post-568029","1":"product","2":"type-product","3":"status-publish","4":"has-post-thumbnail","6":"product_cat-ballons","8":"first","9":"instock","10":"taxable","11":"shipping-taxable","12":"purchasable","13":"product-type-variable"},"tiered_pricing_type":"fixed","tiered_pricing_fixed_rules":[],"tiered_pricing_product_settings":{"layout":"default","base_unit_name":{"singular":null,"plural":null},"default_variation":null},"tiered_pricing_minimum_quantity":null,"tiered_pricing_roles_data":[],"tiered_pricing_percentage_rules":[],"_links":{"self":[{"href":"https:\/\/influencesport.ca\/en\/wp-json\/wp\/v2\/product\/568029","targetHints":{"allow":["GET"]}}],"collection":[{"href":"https:\/\/influencesport.ca\/en\/wp-json\/wp\/v2\/product"}],"about":[{"href":"https:\/\/influencesport.ca\/en\/wp-json\/wp\/v2\/types\/product"}],"wp:featuredmedia":[{"embeddable":true,"href":"https:\/\/influencesport.ca\/en\/wp-json\/wp\/v2\/media\/581335"}],"wp:attachment":[{"href":"https:\/\/influencesport.ca\/en\/wp-json\/wp\/v2\/media?parent=568029"}],"wp:term":[{"taxonomy":"product_brand","embeddable":true,"href":"https:\/\/influencesport.ca\/en\/wp-json\/wp\/v2\/product_brand?post=568029"},{"taxonomy":"product_cat","embeddable":true,"href":"https:\/\/influencesport.ca\/en\/wp-json\/wp\/v2\/product_cat?post=568029"},{"taxonomy":"product_tag","embeddable":true,"href":"https:\/\/influencesport.ca\/en\/wp-json\/wp\/v2\/product_tag?post=568029"}],"curies":[{"name":"wp","href":"https:\/\/api.w.org\/{rel}","templated":true}]}}