{"id":568001,"date":"2025-04-04T01:26:53","date_gmt":"2025-04-04T05:26:53","guid":{"rendered":"https:\/\/influencesport.ca\/?post_type=product&#038;p=568001"},"modified":"2026-02-20T10:45:46","modified_gmt":"2026-02-20T15:45:46","slug":"nike-united-jr-mercurial-superfly-10-academy","status":"publish","type":"product","link":"https:\/\/influencesport.ca\/en\/produit\/nike-united-jr-mercurial-superfly-10-academy\/","title":{"rendered":"Nike United Jr Mercurial Superfly 10 Academy"},"content":{"rendered":"","protected":false},"excerpt":{"rendered":"<p><strong>D\u00e9tails sur le produit : HF1584-500<\/strong><\/p>\n<p>Jouez pour gagner avec les chaussures de football Nike Air Zoom Mercurial Superfly 10 Academy FG\/MG pour enfant, coloris Violet agate\/Volt clair. Issue de la collection Nike United Ch.1, port\u00e9e par des stars montantes comme Lauren James et Salma Paralluelo, ce coloris audacieux incarne l&#8217;esprit de comp\u00e9tition de la nouvelle g\u00e9n\u00e9ration de joueurs. Les tons violets symbolisent la communaut\u00e9 et la solidarit\u00e9 entre rivaux, tandis que les graphismes perturbateurs illustrent l&#8217;\u00e9volution du jeu, chacun stimulant l&#8217;excellence.<\/p>\n","protected":false},"featured_media":581314,"template":"","meta":{"_et_pb_use_builder":"","_et_pb_old_content":"","_et_gb_content_width":""},"product_brand":[],"product_cat":[16,17],"product_tag":[],"class_list":{"0":"post-568001","1":"product","2":"type-product","3":"status-publish","4":"has-post-thumbnail","6":"product_cat-souliers-soccer","7":"product_cat-crampons","9":"first","10":"instock","11":"taxable","12":"shipping-taxable","13":"purchasable","14":"product-type-variable"},"tiered_pricing_type":"fixed","tiered_pricing_fixed_rules":[],"tiered_pricing_product_settings":{"layout":"default","base_unit_name":{"singular":null,"plural":null},"default_variation":null},"tiered_pricing_minimum_quantity":null,"tiered_pricing_roles_data":[],"tiered_pricing_percentage_rules":[],"_links":{"self":[{"href":"https:\/\/influencesport.ca\/en\/wp-json\/wp\/v2\/product\/568001","targetHints":{"allow":["GET"]}}],"collection":[{"href":"https:\/\/influencesport.ca\/en\/wp-json\/wp\/v2\/product"}],"about":[{"href":"https:\/\/influencesport.ca\/en\/wp-json\/wp\/v2\/types\/product"}],"wp:featuredmedia":[{"embeddable":true,"href":"https:\/\/influencesport.ca\/en\/wp-json\/wp\/v2\/media\/581314"}],"wp:attachment":[{"href":"https:\/\/influencesport.ca\/en\/wp-json\/wp\/v2\/media?parent=568001"}],"wp:term":[{"taxonomy":"product_brand","embeddable":true,"href":"https:\/\/influencesport.ca\/en\/wp-json\/wp\/v2\/product_brand?post=568001"},{"taxonomy":"product_cat","embeddable":true,"href":"https:\/\/influencesport.ca\/en\/wp-json\/wp\/v2\/product_cat?post=568001"},{"taxonomy":"product_tag","embeddable":true,"href":"https:\/\/influencesport.ca\/en\/wp-json\/wp\/v2\/product_tag?post=568001"}],"curies":[{"name":"wp","href":"https:\/\/api.w.org\/{rel}","templated":true}]}}