{"id":566770,"date":"2025-03-28T01:28:30","date_gmt":"2025-03-28T05:28:30","guid":{"rendered":"https:\/\/influencesport.ca\/?post_type=product&#038;p=566770"},"modified":"2026-01-30T15:04:03","modified_gmt":"2026-01-30T20:04:03","slug":"nike-academy-gym-bag","status":"publish","type":"product","link":"https:\/\/influencesport.ca\/en\/produit\/nike-academy-gym-bag\/","title":{"rendered":"Nike Academy Gym Bag"},"content":{"rendered":"","protected":false},"excerpt":{"rendered":"<p><strong>D\u00e9tails sur le produit : DA5435-850<\/strong><\/p>\n<p>Le sac de sport Nike Academy est l\u00e9ger et dot\u00e9 d&#8217;un cordon de serrage pour un acc\u00e8s rapide \u00e0 vos affaires lors de vos d\u00e9placements. Une poche ext\u00e9rieure vous permet de ranger vos petits objets s\u00e9par\u00e9ment. Ce produit est compos\u00e9 d&#8217;au moins 50 % de fibres de polyester recycl\u00e9es.<\/p>\n","protected":false},"featured_media":567310,"template":"","meta":{"_et_pb_use_builder":"","_et_pb_old_content":"","_et_gb_content_width":""},"product_brand":[],"product_cat":[1051,1389],"product_tag":[],"class_list":{"0":"post-566770","1":"product","2":"type-product","3":"status-publish","4":"has-post-thumbnail","6":"product_cat-accessoires-divers","7":"product_cat-sacs","9":"first","10":"instock","11":"taxable","12":"shipping-taxable","13":"purchasable","14":"product-type-simple"},"tiered_pricing_type":"fixed","tiered_pricing_fixed_rules":[],"tiered_pricing_product_settings":{"layout":"default","base_unit_name":{"singular":null,"plural":null},"default_variation":null},"tiered_pricing_minimum_quantity":null,"tiered_pricing_roles_data":[],"tiered_pricing_percentage_rules":[],"_links":{"self":[{"href":"https:\/\/influencesport.ca\/en\/wp-json\/wp\/v2\/product\/566770","targetHints":{"allow":["GET"]}}],"collection":[{"href":"https:\/\/influencesport.ca\/en\/wp-json\/wp\/v2\/product"}],"about":[{"href":"https:\/\/influencesport.ca\/en\/wp-json\/wp\/v2\/types\/product"}],"wp:featuredmedia":[{"embeddable":true,"href":"https:\/\/influencesport.ca\/en\/wp-json\/wp\/v2\/media\/567310"}],"wp:attachment":[{"href":"https:\/\/influencesport.ca\/en\/wp-json\/wp\/v2\/media?parent=566770"}],"wp:term":[{"taxonomy":"product_brand","embeddable":true,"href":"https:\/\/influencesport.ca\/en\/wp-json\/wp\/v2\/product_brand?post=566770"},{"taxonomy":"product_cat","embeddable":true,"href":"https:\/\/influencesport.ca\/en\/wp-json\/wp\/v2\/product_cat?post=566770"},{"taxonomy":"product_tag","embeddable":true,"href":"https:\/\/influencesport.ca\/en\/wp-json\/wp\/v2\/product_tag?post=566770"}],"curies":[{"name":"wp","href":"https:\/\/api.w.org\/{rel}","templated":true}]}}