{"id":566459,"date":"2025-03-26T01:26:57","date_gmt":"2025-03-26T05:26:57","guid":{"rendered":"https:\/\/influencesport.ca\/?post_type=product&#038;p=566459"},"modified":"2025-11-14T20:29:07","modified_gmt":"2025-11-15T01:29:07","slug":"babolat-jet-terre-2","status":"publish","type":"product","link":"https:\/\/influencesport.ca\/en\/produit\/babolat-jet-terre-2\/","title":{"rendered":"Babolat Jet Terre 2"},"content":{"rendered":"","protected":false},"excerpt":{"rendered":"<p><strong>D\u00e9tails sur le produit : 3A0S25A649-2001<\/strong><\/p>\n<div id=\"collapsible-description-1\" class=\"col-sm-12 col-lg-8 value content\">Vous \u00eates un joueur rapide et agile et recherchez une chaussure de tennis ultra-l\u00e9g\u00e8re pour une libert\u00e9 de mouvement optimale sur le court\u00a0? Alors, la nouvelle Jet Tere 2 est faite pour vous. Avec ses 320\u00a0grammes (pointure\u00a09\u00a0US), c&#8217;est le mod\u00e8le le plus l\u00e9ger de notre gamme. Apr\u00e8s avoir observ\u00e9 et discut\u00e9 avec des joueurs de club comme vous, Babolat a ajout\u00e9 plus de confort et de stabilit\u00e9 \u00e0 ce mod\u00e8le. R\u00e9sultat\u00a0: une nouvelle g\u00e9n\u00e9ration de Jet Tere, beaucoup plus polyvalente, que vous vous d\u00e9placiez lat\u00e9ralement en fond de court ou que vous vous lanciez \u00e0 toute vitesse pour marquer des points.<\/div>\n<div class=\"col-sm-12 col-lg-8 value content\"><\/div>\n<div class=\"col-sm-12 col-lg-8 value content\">\n<p>D\u00e9tails de la chaussure de tennis Babolat Jet Tere 2 AC pour homme (noir\/blanc)\u00a0:<\/p>\n<ul>\n<li>Terrain :\u00a0<b>\u00a0<\/b>Tous terrains (tennis, pickleball)<\/li>\n<li>Longueur :\u00a0conforme \u00e0 la taille<\/li>\n<li>Largeur : Moyenne (D)<\/li>\n<li>Couleur : Noir<\/li>\n<li>Code produit : 3A0S25A649-2001<\/li>\n<\/ul>\n<\/div>\n","protected":false},"featured_media":566584,"template":"","meta":{"_et_pb_use_builder":"","_et_pb_old_content":"","_et_gb_content_width":""},"product_brand":[],"product_cat":[1369],"product_tag":[],"class_list":{"0":"post-566459","1":"product","2":"type-product","3":"status-publish","4":"has-post-thumbnail","6":"product_cat-autres-soulier","8":"first","9":"instock","10":"taxable","11":"shipping-taxable","12":"purchasable","13":"product-type-variable"},"tiered_pricing_type":"fixed","tiered_pricing_fixed_rules":[],"tiered_pricing_product_settings":{"layout":"default","base_unit_name":{"singular":null,"plural":null},"default_variation":null},"tiered_pricing_minimum_quantity":null,"tiered_pricing_roles_data":[],"tiered_pricing_percentage_rules":[],"_links":{"self":[{"href":"https:\/\/influencesport.ca\/en\/wp-json\/wp\/v2\/product\/566459","targetHints":{"allow":["GET"]}}],"collection":[{"href":"https:\/\/influencesport.ca\/en\/wp-json\/wp\/v2\/product"}],"about":[{"href":"https:\/\/influencesport.ca\/en\/wp-json\/wp\/v2\/types\/product"}],"wp:featuredmedia":[{"embeddable":true,"href":"https:\/\/influencesport.ca\/en\/wp-json\/wp\/v2\/media\/566584"}],"wp:attachment":[{"href":"https:\/\/influencesport.ca\/en\/wp-json\/wp\/v2\/media?parent=566459"}],"wp:term":[{"taxonomy":"product_brand","embeddable":true,"href":"https:\/\/influencesport.ca\/en\/wp-json\/wp\/v2\/product_brand?post=566459"},{"taxonomy":"product_cat","embeddable":true,"href":"https:\/\/influencesport.ca\/en\/wp-json\/wp\/v2\/product_cat?post=566459"},{"taxonomy":"product_tag","embeddable":true,"href":"https:\/\/influencesport.ca\/en\/wp-json\/wp\/v2\/product_tag?post=566459"}],"curies":[{"name":"wp","href":"https:\/\/api.w.org\/{rel}","templated":true}]}}