{"id":566446,"date":"2025-03-26T01:26:38","date_gmt":"2025-03-26T05:26:38","guid":{"rendered":"https:\/\/influencesport.ca\/?post_type=product&#038;p=566446"},"modified":"2025-05-30T14:17:02","modified_gmt":"2025-05-30T18:17:02","slug":"babolat-sfx-4-men","status":"publish","type":"product","link":"https:\/\/influencesport.ca\/en\/produit\/babolat-sfx-4-men\/","title":{"rendered":"Babolat SFX 4 Men"},"content":{"rendered":"","protected":false},"excerpt":{"rendered":"<p><strong>D\u00e9tails sur le produit : 3A0S25A529-4035<\/strong><\/p>\n<p>La nouvelle SFX 4 n&#8217;a jamais aussi bien port\u00e9 son nom : une exp\u00e9rience d&#8217;ajustement sup\u00e9rieure. Chaque d\u00e9tail a \u00e9t\u00e9 pens\u00e9 pour faire de ce mod\u00e8le la r\u00e9f\u00e9rence des chaussures de tennis en termes d&#8217;ajustement et de performance. Avec son chaussant large et son talon allong\u00e9, elle offre un confort particuli\u00e8rement souple tout en assurant une stabilit\u00e9 \u00e0 chaque pas. Dot\u00e9e d&#8217;une tige l\u00e9g\u00e8re et ventil\u00e9e, elle r\u00e9volutionnera votre exp\u00e9rience tennistique, que ce soit \u00e0 l&#8217;entra\u00eenement ou lors de longs matchs.<\/p>\n<div>\n<div>D\u00e9tails de la chaussure de tennis Babolat SFX 4 pour homme (bleue)\u00a0:<\/div>\n<\/div>\n<ul>\n<li>Terrain : Tous terrains (tennis, pickleball)<\/li>\n<li>Longueur : conforme \u00e0 la taille<\/li>\n<li>Largeur : Moyenne-Large (D)<\/li>\n<li>Couleur : Bleu<\/li>\n<li>Code produit : 3A0S25A529-4035<\/li>\n<\/ul>\n","protected":false},"featured_media":566573,"template":"","meta":{"_et_pb_use_builder":"","_et_pb_old_content":"","_et_gb_content_width":""},"product_brand":[],"product_cat":[1369],"product_tag":[],"class_list":{"0":"post-566446","1":"product","2":"type-product","3":"status-publish","4":"has-post-thumbnail","6":"product_cat-autres-soulier","8":"first","9":"instock","10":"taxable","11":"shipping-taxable","12":"purchasable","13":"product-type-variable"},"tiered_pricing_type":"fixed","tiered_pricing_fixed_rules":[],"tiered_pricing_product_settings":{"layout":"default","base_unit_name":{"singular":null,"plural":null},"default_variation":null},"tiered_pricing_minimum_quantity":null,"tiered_pricing_roles_data":[],"tiered_pricing_percentage_rules":[],"_links":{"self":[{"href":"https:\/\/influencesport.ca\/en\/wp-json\/wp\/v2\/product\/566446","targetHints":{"allow":["GET"]}}],"collection":[{"href":"https:\/\/influencesport.ca\/en\/wp-json\/wp\/v2\/product"}],"about":[{"href":"https:\/\/influencesport.ca\/en\/wp-json\/wp\/v2\/types\/product"}],"wp:featuredmedia":[{"embeddable":true,"href":"https:\/\/influencesport.ca\/en\/wp-json\/wp\/v2\/media\/566573"}],"wp:attachment":[{"href":"https:\/\/influencesport.ca\/en\/wp-json\/wp\/v2\/media?parent=566446"}],"wp:term":[{"taxonomy":"product_brand","embeddable":true,"href":"https:\/\/influencesport.ca\/en\/wp-json\/wp\/v2\/product_brand?post=566446"},{"taxonomy":"product_cat","embeddable":true,"href":"https:\/\/influencesport.ca\/en\/wp-json\/wp\/v2\/product_cat?post=566446"},{"taxonomy":"product_tag","embeddable":true,"href":"https:\/\/influencesport.ca\/en\/wp-json\/wp\/v2\/product_tag?post=566446"}],"curies":[{"name":"wp","href":"https:\/\/api.w.org\/{rel}","templated":true}]}}