{"id":566433,"date":"2025-03-26T01:26:17","date_gmt":"2025-03-26T05:26:17","guid":{"rendered":"https:\/\/influencesport.ca\/?post_type=product&#038;p=566433"},"modified":"2025-05-30T14:07:21","modified_gmt":"2025-05-30T18:07:21","slug":"babolat-propulse-fury-3","status":"publish","type":"product","link":"https:\/\/influencesport.ca\/en\/produit\/babolat-propulse-fury-3\/","title":{"rendered":"Babolat Propulse Fury 3"},"content":{"rendered":"","protected":false},"excerpt":{"rendered":"<p><strong>D\u00e9tails sur le produit : 30S24208-1005<\/strong><\/p>\n<p>Les joueurs agressifs et comp\u00e9titifs n&#8217;auront plus \u00e0 se soucier de leurs pieds en choisissant la Propulse Fury. Babolat a identifi\u00e9 9 points de pression cl\u00e9s sur le pied et utilise deux technologies pour offrir un confort maximal \u00e0 ces zones. Les technologies Active Flexxion et Kompressor offrent un amorti, une r\u00e9activit\u00e9 et un maintien exceptionnels. Et comme pour la gamme Babolat, le compos\u00e9 de caoutchouc Michelin de la semelle ext\u00e9rieure offre une durabilit\u00e9 sup\u00e9rieure. Babolat a all\u00e9g\u00e9 la semelle ext\u00e9rieure, sans compromettre la durabilit\u00e9 qui fait la renomm\u00e9e du caoutchouc Michelin.<\/p>\n<p>D\u00e9tails de la chaussure de tennis Babolat Propulse Fury 3 AC pour homme (blanc\/bleu)\u00a0:<\/p>\n<ul>\n<li>Terrain : Tous terrains (tennis, pickleball)<\/li>\n<li>Longueur :\u00a0\u00a0conforme \u00e0 la taille<\/li>\n<li>Largeur : Moyenne (D)<\/li>\n<li>Couleur : Blanc<\/li>\n<li>Code produit : 30S24208-1005<\/li>\n<\/ul>\n","protected":false},"featured_media":566564,"template":"","meta":{"_et_pb_use_builder":"","_et_pb_old_content":"","_et_gb_content_width":""},"product_brand":[],"product_cat":[1369],"product_tag":[],"class_list":{"0":"post-566433","1":"product","2":"type-product","3":"status-publish","4":"has-post-thumbnail","6":"product_cat-autres-soulier","8":"first","9":"instock","10":"taxable","11":"shipping-taxable","12":"purchasable","13":"product-type-variable"},"tiered_pricing_type":"fixed","tiered_pricing_fixed_rules":[],"tiered_pricing_product_settings":{"layout":"default","base_unit_name":{"singular":null,"plural":null},"default_variation":null},"tiered_pricing_minimum_quantity":null,"tiered_pricing_roles_data":[],"tiered_pricing_percentage_rules":[],"_links":{"self":[{"href":"https:\/\/influencesport.ca\/en\/wp-json\/wp\/v2\/product\/566433","targetHints":{"allow":["GET"]}}],"collection":[{"href":"https:\/\/influencesport.ca\/en\/wp-json\/wp\/v2\/product"}],"about":[{"href":"https:\/\/influencesport.ca\/en\/wp-json\/wp\/v2\/types\/product"}],"wp:featuredmedia":[{"embeddable":true,"href":"https:\/\/influencesport.ca\/en\/wp-json\/wp\/v2\/media\/566564"}],"wp:attachment":[{"href":"https:\/\/influencesport.ca\/en\/wp-json\/wp\/v2\/media?parent=566433"}],"wp:term":[{"taxonomy":"product_brand","embeddable":true,"href":"https:\/\/influencesport.ca\/en\/wp-json\/wp\/v2\/product_brand?post=566433"},{"taxonomy":"product_cat","embeddable":true,"href":"https:\/\/influencesport.ca\/en\/wp-json\/wp\/v2\/product_cat?post=566433"},{"taxonomy":"product_tag","embeddable":true,"href":"https:\/\/influencesport.ca\/en\/wp-json\/wp\/v2\/product_tag?post=566433"}],"curies":[{"name":"wp","href":"https:\/\/api.w.org\/{rel}","templated":true}]}}