{"id":566404,"date":"2025-03-25T01:29:44","date_gmt":"2025-03-25T05:29:44","guid":{"rendered":"https:\/\/influencesport.ca\/?post_type=product&#038;p=566404"},"modified":"2026-04-12T13:01:11","modified_gmt":"2026-04-12T17:01:11","slug":"adidas-messi-sg-club","status":"publish","type":"product","link":"https:\/\/influencesport.ca\/en\/produit\/adidas-messi-sg-club\/","title":{"rendered":"Adidas Messi SG Club"},"content":{"rendered":"","protected":false},"excerpt":{"rendered":"<p><strong>D\u00e9tails sur le produit : JN7436<\/strong><\/p>\n<p>Inspir\u00e9s des plus grands joueurs de tous les temps, ces prot\u00e8ge-tibias adidas Messi Club vous donneront la confiance n\u00e9cessaire pour jouer. Gliss\u00e9s dans vos chaussettes de football, ces prot\u00e8ge-tibias rigides et flexibles prot\u00e8gent vos tibias tout en minimisant l&#8217;encombrement. \u00c0 l&#8217;arri\u00e8re, l&#8217;EVA souple assure confort et absorption des chocs.<\/p>\n","protected":false},"featured_media":566961,"template":"","meta":{"_et_pb_use_builder":"","_et_pb_old_content":"","_et_gb_content_width":""},"product_brand":[],"product_cat":[1054,1375],"product_tag":[],"class_list":{"0":"post-566404","1":"product","2":"type-product","3":"status-publish","4":"has-post-thumbnail","6":"product_cat-proteges-tibias","7":"product_cat-sans-chevilliere-proteges-tibias","9":"first","10":"instock","11":"taxable","12":"shipping-taxable","13":"purchasable","14":"product-type-variable"},"tiered_pricing_type":"fixed","tiered_pricing_fixed_rules":[],"tiered_pricing_product_settings":{"layout":"default","base_unit_name":{"singular":null,"plural":null},"default_variation":null},"tiered_pricing_minimum_quantity":null,"tiered_pricing_roles_data":[],"tiered_pricing_percentage_rules":[],"_links":{"self":[{"href":"https:\/\/influencesport.ca\/en\/wp-json\/wp\/v2\/product\/566404","targetHints":{"allow":["GET"]}}],"collection":[{"href":"https:\/\/influencesport.ca\/en\/wp-json\/wp\/v2\/product"}],"about":[{"href":"https:\/\/influencesport.ca\/en\/wp-json\/wp\/v2\/types\/product"}],"wp:featuredmedia":[{"embeddable":true,"href":"https:\/\/influencesport.ca\/en\/wp-json\/wp\/v2\/media\/566961"}],"wp:attachment":[{"href":"https:\/\/influencesport.ca\/en\/wp-json\/wp\/v2\/media?parent=566404"}],"wp:term":[{"taxonomy":"product_brand","embeddable":true,"href":"https:\/\/influencesport.ca\/en\/wp-json\/wp\/v2\/product_brand?post=566404"},{"taxonomy":"product_cat","embeddable":true,"href":"https:\/\/influencesport.ca\/en\/wp-json\/wp\/v2\/product_cat?post=566404"},{"taxonomy":"product_tag","embeddable":true,"href":"https:\/\/influencesport.ca\/en\/wp-json\/wp\/v2\/product_tag?post=566404"}],"curies":[{"name":"wp","href":"https:\/\/api.w.org\/{rel}","templated":true}]}}