{"id":566363,"date":"2025-03-25T01:28:44","date_gmt":"2025-03-25T05:28:44","guid":{"rendered":"https:\/\/influencesport.ca\/?post_type=product&#038;p=566363"},"modified":"2026-02-18T16:38:46","modified_gmt":"2026-02-18T21:38:46","slug":"adidas-ballon-ucl-club-4","status":"publish","type":"product","link":"https:\/\/influencesport.ca\/en\/produit\/adidas-ballon-ucl-club-4\/","title":{"rendered":"Adidas Ballon UCL CLub"},"content":{"rendered":"","protected":false},"excerpt":{"rendered":"<p><strong>D\u00e9tails sur le produit : JH1282<\/strong><\/p>\n<p>Ce ballon de football adidas Club s&#8217;inspire du design du ballon de match officiel de l&#8217;UCL. Cousu \u00e0 la machine pour plus de durabilit\u00e9, son rev\u00eatement en TPU arbore des d\u00e9tails Munichois complexes et le logo du tournoi. Id\u00e9al pour les matchs et l&#8217;entra\u00eenement, il est \u00e9galement dot\u00e9 d&#8217;une vessie en butyle r\u00e9sistante pour vous permettre de vous concentrer sur le jeu, sans effort.<\/p>\n","protected":false},"featured_media":566896,"template":"","meta":{"_et_pb_use_builder":"","_et_pb_old_content":"","_et_gb_content_width":""},"product_brand":[],"product_cat":[43],"product_tag":[],"class_list":{"0":"post-566363","1":"product","2":"type-product","3":"status-publish","4":"has-post-thumbnail","6":"product_cat-ballons","8":"first","9":"instock","10":"taxable","11":"shipping-taxable","12":"purchasable","13":"product-type-variable"},"tiered_pricing_type":"fixed","tiered_pricing_fixed_rules":[],"tiered_pricing_product_settings":{"layout":"default","base_unit_name":{"singular":null,"plural":null},"default_variation":null},"tiered_pricing_minimum_quantity":null,"tiered_pricing_roles_data":[],"tiered_pricing_percentage_rules":[],"_links":{"self":[{"href":"https:\/\/influencesport.ca\/en\/wp-json\/wp\/v2\/product\/566363","targetHints":{"allow":["GET"]}}],"collection":[{"href":"https:\/\/influencesport.ca\/en\/wp-json\/wp\/v2\/product"}],"about":[{"href":"https:\/\/influencesport.ca\/en\/wp-json\/wp\/v2\/types\/product"}],"wp:featuredmedia":[{"embeddable":true,"href":"https:\/\/influencesport.ca\/en\/wp-json\/wp\/v2\/media\/566896"}],"wp:attachment":[{"href":"https:\/\/influencesport.ca\/en\/wp-json\/wp\/v2\/media?parent=566363"}],"wp:term":[{"taxonomy":"product_brand","embeddable":true,"href":"https:\/\/influencesport.ca\/en\/wp-json\/wp\/v2\/product_brand?post=566363"},{"taxonomy":"product_cat","embeddable":true,"href":"https:\/\/influencesport.ca\/en\/wp-json\/wp\/v2\/product_cat?post=566363"},{"taxonomy":"product_tag","embeddable":true,"href":"https:\/\/influencesport.ca\/en\/wp-json\/wp\/v2\/product_tag?post=566363"}],"curies":[{"name":"wp","href":"https:\/\/api.w.org\/{rel}","templated":true}]}}