{"id":565850,"date":"2025-03-21T01:26:43","date_gmt":"2025-03-21T05:26:43","guid":{"rendered":"https:\/\/influencesport.ca\/?post_type=product&#038;p=565850"},"modified":"2025-08-27T16:04:18","modified_gmt":"2025-08-27T20:04:18","slug":"ua-w-shadow-elite-3-fg","status":"publish","type":"product","link":"https:\/\/influencesport.ca\/en\/produit\/ua-w-shadow-elite-3-fg\/","title":{"rendered":"UA W Shadow Elite 3 FG"},"content":{"rendered":"","protected":false},"excerpt":{"rendered":"<p><strong>D\u00e9tails sur le produit : 3028289-001<\/strong><\/p>\n<ul class=\"sc-lfSXoB bCFPIG\">\n<li class=\"sc-gVcfYu cCQidp\"><span>Chaussures de football UA Shadow Elite 3 FG pour femme<\/span><\/li>\n<li class=\"sc-gVcfYu cCQidp\"><span>Tricot c\u00f4tel\u00e9 strat\u00e9gique pour un meilleur contr\u00f4le du ballon et peau en TPU pour un contact maximal avec le ballon<\/span><\/li>\n<li class=\"sc-gVcfYu cCQidp\"><span>Rev\u00eatement imperm\u00e9able Never-Wet sur la tige pour vous garder au frais et au sec<\/span><\/li>\n<li class=\"sc-gVcfYu cCQidp\"><span>Tige UA IntelliKnit repens\u00e9e pour un tricot ergonomique minimaliste qui offre une sensation de seconde peau<\/span><\/li>\n<li class=\"sc-gVcfYu cCQidp\"><span>Convient \u00e0 une demi-taille petite<\/span><\/li>\n<li class=\"sc-gVcfYu cCQidp\"><span>La partie sup\u00e9rieure contient au moins 30 % de contenu recycl\u00e9<\/span><\/li>\n<li class=\"sc-gVcfYu cCQidp\"><span>Semelle ext\u00e9rieure d&#8217;agilit\u00e9 en fibre de carbone pour une acc\u00e9l\u00e9ration et une d\u00e9c\u00e9l\u00e9ration maximales pour aider \u00e0 cr\u00e9er une s\u00e9paration sur les surfaces naturelles du sol ferme<\/span><\/li>\n<li class=\"sc-gVcfYu cCQidp\"><span>La semelle int\u00e9rieure moul\u00e9e sp\u00e9cifique aux femmes offre un confort sous le pied avec un ajustement am\u00e9lior\u00e9 du talon et de la vo\u00fbte plantaire<\/span><\/li>\n<li class=\"sc-gVcfYu cCQidp\"><span>TPU moul\u00e9 pour femmes<\/span><\/li>\n<li class=\"sc-gVcfYu cCQidp\"><span>Col mi-haut pour une meilleure perception et un meilleur mouvement<\/span><\/li>\n<\/ul>\n","protected":false},"featured_media":565950,"template":"","meta":{"_et_pb_use_builder":"","_et_pb_old_content":"","_et_gb_content_width":""},"product_brand":[],"product_cat":[17,16],"product_tag":[],"class_list":{"0":"post-565850","1":"product","2":"type-product","3":"status-publish","4":"has-post-thumbnail","6":"product_cat-crampons","7":"product_cat-souliers-soccer","9":"first","10":"instock","11":"taxable","12":"shipping-taxable","13":"purchasable","14":"product-type-variable"},"tiered_pricing_type":"fixed","tiered_pricing_fixed_rules":[],"tiered_pricing_product_settings":{"layout":"default","base_unit_name":{"singular":null,"plural":null},"default_variation":null},"tiered_pricing_minimum_quantity":null,"tiered_pricing_roles_data":[],"tiered_pricing_percentage_rules":[],"_links":{"self":[{"href":"https:\/\/influencesport.ca\/en\/wp-json\/wp\/v2\/product\/565850","targetHints":{"allow":["GET"]}}],"collection":[{"href":"https:\/\/influencesport.ca\/en\/wp-json\/wp\/v2\/product"}],"about":[{"href":"https:\/\/influencesport.ca\/en\/wp-json\/wp\/v2\/types\/product"}],"wp:featuredmedia":[{"embeddable":true,"href":"https:\/\/influencesport.ca\/en\/wp-json\/wp\/v2\/media\/565950"}],"wp:attachment":[{"href":"https:\/\/influencesport.ca\/en\/wp-json\/wp\/v2\/media?parent=565850"}],"wp:term":[{"taxonomy":"product_brand","embeddable":true,"href":"https:\/\/influencesport.ca\/en\/wp-json\/wp\/v2\/product_brand?post=565850"},{"taxonomy":"product_cat","embeddable":true,"href":"https:\/\/influencesport.ca\/en\/wp-json\/wp\/v2\/product_cat?post=565850"},{"taxonomy":"product_tag","embeddable":true,"href":"https:\/\/influencesport.ca\/en\/wp-json\/wp\/v2\/product_tag?post=565850"}],"curies":[{"name":"wp","href":"https:\/\/api.w.org\/{rel}","templated":true}]}}