{"id":565638,"date":"2025-03-18T01:25:32","date_gmt":"2025-03-18T05:25:32","guid":{"rendered":"https:\/\/influencesport.ca\/?post_type=product&#038;p=565638"},"modified":"2025-08-27T16:04:22","modified_gmt":"2025-08-27T20:04:22","slug":"ua-magnetico-pro-4-fg","status":"publish","type":"product","link":"https:\/\/influencesport.ca\/en\/produit\/ua-magnetico-pro-4-fg\/","title":{"rendered":"UA Magnetico Pro 4 FG"},"content":{"rendered":"","protected":false},"excerpt":{"rendered":"<p><strong>D\u00e9tails sur le produit : 3027699-001<\/strong><\/p>\n<ul class=\"sc-lfSXoB bCFPIG\">\n<li class=\"sc-gVcfYu cCQidp\">Chaussures de football UA Magnetico Pro 4 FG pour homme<\/li>\n<li class=\"sc-gVcfYu cCQidp\">Une couche interne de mat\u00e9riau flexible et aux\u00e9tique \u00e9pouse le pied pour un ajustement et une sensation pr\u00e9cis, semblables \u00e0 ceux d&#8217;un gant<\/li>\n<li class=\"sc-gVcfYu cCQidp\">La tige UA Clone offre un ajustement v\u00e9ritablement personnalis\u00e9, quelle que soit la taille de votre pied<\/li>\n<li class=\"sc-gVcfYu cCQidp\">Les crampons coniques en TPU permettent une rapidit\u00e9 dans toutes les directions pour une agilit\u00e9 et un changement de direction am\u00e9lior\u00e9s<\/li>\n<li class=\"sc-gVcfYu cCQidp\">La languette asym\u00e9trique permet un espace suppl\u00e9mentaire sur le c\u00f4t\u00e9 m\u00e9dial pour le contr\u00f4le, les passes et les tirs<\/li>\n<li class=\"sc-gVcfYu cCQidp\">Col et languette en tricot pour un ajustement semblable \u00e0 celui d&#8217;une chaussette avec mousse interne de qualit\u00e9 sup\u00e9rieure pour le maintien du talon et un confort accru<\/li>\n<li class=\"sc-gVcfYu cCQidp\">TPU moul\u00e9 pour hommes<\/li>\n<li class=\"sc-gVcfYu cCQidp\">Impression 3D pour un toucher et un contr\u00f4le suppl\u00e9mentaires<\/li>\n<\/ul>\n","protected":false},"featured_media":565902,"template":"","meta":{"_et_pb_use_builder":"","_et_pb_old_content":"","_et_gb_content_width":""},"product_brand":[],"product_cat":[17,16],"product_tag":[],"class_list":{"0":"post-565638","1":"product","2":"type-product","3":"status-publish","4":"has-post-thumbnail","6":"product_cat-crampons","7":"product_cat-souliers-soccer","9":"first","10":"instock","11":"taxable","12":"shipping-taxable","13":"purchasable","14":"product-type-variable"},"tiered_pricing_type":"fixed","tiered_pricing_fixed_rules":[],"tiered_pricing_product_settings":{"layout":"default","base_unit_name":{"singular":null,"plural":null},"default_variation":null},"tiered_pricing_minimum_quantity":null,"tiered_pricing_roles_data":[],"tiered_pricing_percentage_rules":[],"_links":{"self":[{"href":"https:\/\/influencesport.ca\/en\/wp-json\/wp\/v2\/product\/565638","targetHints":{"allow":["GET"]}}],"collection":[{"href":"https:\/\/influencesport.ca\/en\/wp-json\/wp\/v2\/product"}],"about":[{"href":"https:\/\/influencesport.ca\/en\/wp-json\/wp\/v2\/types\/product"}],"wp:featuredmedia":[{"embeddable":true,"href":"https:\/\/influencesport.ca\/en\/wp-json\/wp\/v2\/media\/565902"}],"wp:attachment":[{"href":"https:\/\/influencesport.ca\/en\/wp-json\/wp\/v2\/media?parent=565638"}],"wp:term":[{"taxonomy":"product_brand","embeddable":true,"href":"https:\/\/influencesport.ca\/en\/wp-json\/wp\/v2\/product_brand?post=565638"},{"taxonomy":"product_cat","embeddable":true,"href":"https:\/\/influencesport.ca\/en\/wp-json\/wp\/v2\/product_cat?post=565638"},{"taxonomy":"product_tag","embeddable":true,"href":"https:\/\/influencesport.ca\/en\/wp-json\/wp\/v2\/product_tag?post=565638"}],"curies":[{"name":"wp","href":"https:\/\/api.w.org\/{rel}","templated":true}]}}