{"id":565119,"date":"2025-03-13T01:28:34","date_gmt":"2025-03-13T05:28:34","guid":{"rendered":"https:\/\/influencesport.ca\/?post_type=product&#038;p=565119"},"modified":"2026-04-09T14:21:43","modified_gmt":"2026-04-09T18:21:43","slug":"adidas-team-icon-25-ss-jersey-noir-blanc","status":"publish","type":"product","link":"https:\/\/influencesport.ca\/en\/produit\/adidas-team-icon-25-ss-jersey-noir-blanc\/","title":{"rendered":"Adidas Team ICON 25 SS Jersey Black\/White"},"content":{"rendered":"","protected":false},"excerpt":{"rendered":"<p><strong>D\u00e9tails sur le produit : JG3555<\/strong><\/p>\n<p>D\u00e9couvrez le maillot \u00e0 manches courtes Team Icon 25, une version moderne d&#8217;un classique embl\u00e9matique du football adidas. Ce maillot slim, fabriqu\u00e9 en partie \u00e0 partir de mat\u00e9riaux recycl\u00e9s, est con\u00e7u pour un confort durable gr\u00e2ce \u00e0 la technologie AEROREADY. Son imprim\u00e9 graphique unique, dispos\u00e9 sur trois bandes et son logo brod\u00e9, compl\u00e8tent un look r\u00e9tro avec fra\u00eecheur et modernit\u00e9. Id\u00e9al pour tous les hommes qui appr\u00e9cient le style, le confort et la durabilit\u00e9 dans leurs v\u00eatements de sport.<\/p>\n<p>&nbsp;<\/p>\n","protected":false},"featured_media":565341,"template":"","meta":{"_et_pb_use_builder":"","_et_pb_old_content":"","_et_gb_content_width":""},"product_brand":[],"product_cat":[1376,20],"product_tag":[],"class_list":{"0":"post-565119","1":"product","2":"type-product","3":"status-publish","4":"has-post-thumbnail","6":"product_cat-chandails-vetements","7":"product_cat-vetements","9":"first","10":"instock","11":"taxable","12":"shipping-taxable","13":"purchasable","14":"product-type-variable"},"tiered_pricing_type":"fixed","tiered_pricing_fixed_rules":[],"tiered_pricing_product_settings":{"layout":"default","base_unit_name":{"singular":null,"plural":null},"default_variation":null},"tiered_pricing_minimum_quantity":null,"tiered_pricing_roles_data":[],"tiered_pricing_percentage_rules":[],"_links":{"self":[{"href":"https:\/\/influencesport.ca\/en\/wp-json\/wp\/v2\/product\/565119","targetHints":{"allow":["GET"]}}],"collection":[{"href":"https:\/\/influencesport.ca\/en\/wp-json\/wp\/v2\/product"}],"about":[{"href":"https:\/\/influencesport.ca\/en\/wp-json\/wp\/v2\/types\/product"}],"wp:featuredmedia":[{"embeddable":true,"href":"https:\/\/influencesport.ca\/en\/wp-json\/wp\/v2\/media\/565341"}],"wp:attachment":[{"href":"https:\/\/influencesport.ca\/en\/wp-json\/wp\/v2\/media?parent=565119"}],"wp:term":[{"taxonomy":"product_brand","embeddable":true,"href":"https:\/\/influencesport.ca\/en\/wp-json\/wp\/v2\/product_brand?post=565119"},{"taxonomy":"product_cat","embeddable":true,"href":"https:\/\/influencesport.ca\/en\/wp-json\/wp\/v2\/product_cat?post=565119"},{"taxonomy":"product_tag","embeddable":true,"href":"https:\/\/influencesport.ca\/en\/wp-json\/wp\/v2\/product_tag?post=565119"}],"curies":[{"name":"wp","href":"https:\/\/api.w.org\/{rel}","templated":true}]}}