{"id":565112,"date":"2025-03-13T01:28:20","date_gmt":"2025-03-13T05:28:20","guid":{"rendered":"https:\/\/influencesport.ca\/?post_type=product&#038;p=565112"},"modified":"2026-02-18T16:38:28","modified_gmt":"2026-02-18T21:38:28","slug":"adidas-ent22-short-blanche-enfant","status":"publish","type":"product","link":"https:\/\/influencesport.ca\/en\/produit\/adidas-ent22-short-blanche-enfant\/","title":{"rendered":"Adidas ENT22 SHO Y WHITE"},"content":{"rendered":"","protected":false},"excerpt":{"rendered":"<p><strong>D\u00e9tails sur le produit : HG6292<\/strong><\/p>\n<p>O\u00f9 que vous alliez, vous \u00eates pr\u00eat avec ce short de football adidas Entrada 22 junior. Son design \u00e9pur\u00e9 et classique est dot\u00e9 de la technologie AEROREADY pour vous garder au sec et au frais. La taille \u00e9lastique r\u00e9glable par cordon de serrage assure un ajustement parfait. Fabriqu\u00e9 \u00e0 partir de mat\u00e9riaux 100 % recycl\u00e9s, ce produit repr\u00e9sente l&#8217;une de nos solutions pour lutter contre les d\u00e9chets plastiques.<\/p>\n","protected":false},"featured_media":565332,"template":"","meta":{"_et_pb_use_builder":"","_et_pb_old_content":"","_et_gb_content_width":""},"product_brand":[],"product_cat":[1377,20],"product_tag":[],"class_list":{"0":"post-565112","1":"product","2":"type-product","3":"status-publish","4":"has-post-thumbnail","6":"product_cat-shorts-cuissards-vetements","7":"product_cat-vetements","9":"first","10":"instock","11":"taxable","12":"shipping-taxable","13":"purchasable","14":"product-type-variable"},"tiered_pricing_type":"fixed","tiered_pricing_fixed_rules":[],"tiered_pricing_product_settings":{"layout":"default","base_unit_name":{"singular":null,"plural":null},"default_variation":null},"tiered_pricing_minimum_quantity":null,"tiered_pricing_roles_data":[],"tiered_pricing_percentage_rules":[],"_links":{"self":[{"href":"https:\/\/influencesport.ca\/en\/wp-json\/wp\/v2\/product\/565112","targetHints":{"allow":["GET"]}}],"collection":[{"href":"https:\/\/influencesport.ca\/en\/wp-json\/wp\/v2\/product"}],"about":[{"href":"https:\/\/influencesport.ca\/en\/wp-json\/wp\/v2\/types\/product"}],"wp:featuredmedia":[{"embeddable":true,"href":"https:\/\/influencesport.ca\/en\/wp-json\/wp\/v2\/media\/565332"}],"wp:attachment":[{"href":"https:\/\/influencesport.ca\/en\/wp-json\/wp\/v2\/media?parent=565112"}],"wp:term":[{"taxonomy":"product_brand","embeddable":true,"href":"https:\/\/influencesport.ca\/en\/wp-json\/wp\/v2\/product_brand?post=565112"},{"taxonomy":"product_cat","embeddable":true,"href":"https:\/\/influencesport.ca\/en\/wp-json\/wp\/v2\/product_cat?post=565112"},{"taxonomy":"product_tag","embeddable":true,"href":"https:\/\/influencesport.ca\/en\/wp-json\/wp\/v2\/product_tag?post=565112"}],"curies":[{"name":"wp","href":"https:\/\/api.w.org\/{rel}","templated":true}]}}