{"id":564241,"date":"2025-03-05T01:27:15","date_gmt":"2025-03-05T06:27:15","guid":{"rendered":"https:\/\/influencesport.ca\/?post_type=product&#038;p=564241"},"modified":"2026-04-30T10:34:40","modified_gmt":"2026-04-30T14:34:40","slug":"adidas-tiro-bot-0-75l-white","status":"publish","type":"product","link":"https:\/\/influencesport.ca\/en\/produit\/adidas-tiro-bot-0-75l-white\/","title":{"rendered":"Adidas TIRO BOT 0.75L White"},"content":{"rendered":"","protected":false},"excerpt":{"rendered":"<p><strong>D\u00e9tails sur le produit : IW8156<\/strong><\/p>\n<p>Restez hydrat\u00e9 avant, pendant et apr\u00e8s le grand match avec cette bouteille adidas Tiro unisexe. La capacit\u00e9 de 0,75 litre vous garantit d&#8217;avoir suffisamment de liquide frais pour toute la dur\u00e9e du jeu. Affichez votre soutien \u00e0 votre joueur ou \u00e9quipe de football pr\u00e9f\u00e9r\u00e9 avec son design audacieux, agr\u00e9ment\u00e9 de 3 bandes sur le c\u00f4t\u00e9.<\/p>\n","protected":false},"featured_media":564277,"template":"","meta":{"_et_pb_use_builder":"","_et_pb_old_content":"","_et_gb_content_width":""},"product_brand":[],"product_cat":[1051,1388],"product_tag":[],"class_list":{"0":"post-564241","1":"product","2":"type-product","3":"status-publish","4":"has-post-thumbnail","6":"product_cat-accessoires-divers","7":"product_cat-bouteille","9":"first","10":"instock","11":"taxable","12":"shipping-taxable","13":"purchasable","14":"product-type-simple"},"tiered_pricing_type":"fixed","tiered_pricing_fixed_rules":[],"tiered_pricing_product_settings":{"layout":"default","base_unit_name":{"singular":null,"plural":null},"default_variation":null},"tiered_pricing_minimum_quantity":null,"tiered_pricing_roles_data":[],"tiered_pricing_percentage_rules":[],"_links":{"self":[{"href":"https:\/\/influencesport.ca\/en\/wp-json\/wp\/v2\/product\/564241","targetHints":{"allow":["GET"]}}],"collection":[{"href":"https:\/\/influencesport.ca\/en\/wp-json\/wp\/v2\/product"}],"about":[{"href":"https:\/\/influencesport.ca\/en\/wp-json\/wp\/v2\/types\/product"}],"wp:featuredmedia":[{"embeddable":true,"href":"https:\/\/influencesport.ca\/en\/wp-json\/wp\/v2\/media\/564277"}],"wp:attachment":[{"href":"https:\/\/influencesport.ca\/en\/wp-json\/wp\/v2\/media?parent=564241"}],"wp:term":[{"taxonomy":"product_brand","embeddable":true,"href":"https:\/\/influencesport.ca\/en\/wp-json\/wp\/v2\/product_brand?post=564241"},{"taxonomy":"product_cat","embeddable":true,"href":"https:\/\/influencesport.ca\/en\/wp-json\/wp\/v2\/product_cat?post=564241"},{"taxonomy":"product_tag","embeddable":true,"href":"https:\/\/influencesport.ca\/en\/wp-json\/wp\/v2\/product_tag?post=564241"}],"curies":[{"name":"wp","href":"https:\/\/api.w.org\/{rel}","templated":true}]}}