{"id":563947,"date":"2025-02-28T01:27:00","date_gmt":"2025-02-28T06:27:00","guid":{"rendered":"https:\/\/influencesport.ca\/?post_type=product&#038;p=563947"},"modified":"2026-04-11T17:21:41","modified_gmt":"2026-04-11T21:21:41","slug":"adidas-maillot-inter-miami-messi-femme","status":"publish","type":"product","link":"https:\/\/influencesport.ca\/en\/produit\/adidas-maillot-inter-miami-messi-femme\/","title":{"rendered":"Adidas IMCF H JSY W N"},"content":{"rendered":"","protected":false},"excerpt":{"rendered":"<p><strong>D\u00e9tails sur le produit : JI6815<\/strong><\/p>\n<p>Rayures de football classiques aux couleurs instantan\u00e9ment reconnaissables de l&#8217;Inter Miami CF. Se d\u00e9marquant par deux nuances de rose, ce maillot adidas ne laisse aucun doute sur votre club pr\u00e9f\u00e9r\u00e9. Cr\u00e9\u00e9 pour les supporters, il est dot\u00e9 de la technologie AEROREADY qui g\u00e8re l&#8217;humidit\u00e9 pour un confort tout au long de la journ\u00e9e et d&#8217;un badge tiss\u00e9 haut de gamme pour une fiert\u00e9 totale de l&#8217;\u00e9quipe. Ce nom et ce num\u00e9ro c\u00e9l\u00e8brent le plus grand joueur du club.<\/p>\n","protected":false},"featured_media":564041,"template":"","meta":{"_et_pb_use_builder":"","_et_pb_old_content":"","_et_gb_content_width":""},"product_brand":[],"product_cat":[92],"product_tag":[],"class_list":{"0":"post-563947","1":"product","2":"type-product","3":"status-publish","4":"has-post-thumbnail","6":"product_cat-articles-de-club","8":"first","9":"instock","10":"taxable","11":"shipping-taxable","12":"purchasable","13":"product-type-variable"},"tiered_pricing_type":"fixed","tiered_pricing_fixed_rules":[],"tiered_pricing_product_settings":{"layout":"default","base_unit_name":{"singular":null,"plural":null},"default_variation":null},"tiered_pricing_minimum_quantity":null,"tiered_pricing_roles_data":[],"tiered_pricing_percentage_rules":[],"_links":{"self":[{"href":"https:\/\/influencesport.ca\/en\/wp-json\/wp\/v2\/product\/563947","targetHints":{"allow":["GET"]}}],"collection":[{"href":"https:\/\/influencesport.ca\/en\/wp-json\/wp\/v2\/product"}],"about":[{"href":"https:\/\/influencesport.ca\/en\/wp-json\/wp\/v2\/types\/product"}],"wp:featuredmedia":[{"embeddable":true,"href":"https:\/\/influencesport.ca\/en\/wp-json\/wp\/v2\/media\/564041"}],"wp:attachment":[{"href":"https:\/\/influencesport.ca\/en\/wp-json\/wp\/v2\/media?parent=563947"}],"wp:term":[{"taxonomy":"product_brand","embeddable":true,"href":"https:\/\/influencesport.ca\/en\/wp-json\/wp\/v2\/product_brand?post=563947"},{"taxonomy":"product_cat","embeddable":true,"href":"https:\/\/influencesport.ca\/en\/wp-json\/wp\/v2\/product_cat?post=563947"},{"taxonomy":"product_tag","embeddable":true,"href":"https:\/\/influencesport.ca\/en\/wp-json\/wp\/v2\/product_tag?post=563947"}],"curies":[{"name":"wp","href":"https:\/\/api.w.org\/{rel}","templated":true}]}}