{"id":563854,"date":"2025-02-27T01:25:37","date_gmt":"2025-02-27T06:25:37","guid":{"rendered":"https:\/\/influencesport.ca\/?post_type=product&#038;p=563854"},"modified":"2026-05-06T11:38:59","modified_gmt":"2026-05-06T15:38:59","slug":"adidas-defender-v-duffel-medium-black","status":"publish","type":"product","link":"https:\/\/influencesport.ca\/en\/produit\/adidas-defender-v-duffel-medium-black\/","title":{"rendered":"Adidas Defender V Duffel Medium Black"},"content":{"rendered":"","protected":false},"excerpt":{"rendered":"<p><strong>D\u00e9tails sur le produit : JJ7406<\/strong><\/p>\n<p>Ce sac de sport de taille moyenne devrait figurer dans la trousse \u00e0 outils de chaque athl\u00e8te. Id\u00e9al pour l&#8217;entra\u00eenement, le jeu et les voyages, il est construit de mani\u00e8re durable avec une base r\u00e9sistante \u00e0 l&#8217;eau pour garder les affaires au sec. De nombreuses poches zipp\u00e9es peuvent contenir des objets plus petits, et il y a des attaches en sangle pour accrocher des cl\u00e9s, une bouteille d&#8217;eau et plus encore. Il y a m\u00eame une poche ventil\u00e9e pour a\u00e9rer les v\u00eatements ou les chaussures sales.<\/p>\n","protected":false},"featured_media":563982,"template":"","meta":{"_et_pb_use_builder":"","_et_pb_old_content":"","_et_gb_content_width":""},"product_brand":[],"product_cat":[1051,1389],"product_tag":[],"class_list":{"0":"post-563854","1":"product","2":"type-product","3":"status-publish","4":"has-post-thumbnail","6":"product_cat-accessoires-divers","7":"product_cat-sacs","9":"first","10":"instock","11":"taxable","12":"shipping-taxable","13":"purchasable","14":"product-type-variable"},"tiered_pricing_type":"fixed","tiered_pricing_fixed_rules":[],"tiered_pricing_product_settings":{"layout":"default","base_unit_name":{"singular":null,"plural":null},"default_variation":null},"tiered_pricing_minimum_quantity":null,"tiered_pricing_roles_data":[],"tiered_pricing_percentage_rules":[],"_links":{"self":[{"href":"https:\/\/influencesport.ca\/en\/wp-json\/wp\/v2\/product\/563854","targetHints":{"allow":["GET"]}}],"collection":[{"href":"https:\/\/influencesport.ca\/en\/wp-json\/wp\/v2\/product"}],"about":[{"href":"https:\/\/influencesport.ca\/en\/wp-json\/wp\/v2\/types\/product"}],"wp:featuredmedia":[{"embeddable":true,"href":"https:\/\/influencesport.ca\/en\/wp-json\/wp\/v2\/media\/563982"}],"wp:attachment":[{"href":"https:\/\/influencesport.ca\/en\/wp-json\/wp\/v2\/media?parent=563854"}],"wp:term":[{"taxonomy":"product_brand","embeddable":true,"href":"https:\/\/influencesport.ca\/en\/wp-json\/wp\/v2\/product_brand?post=563854"},{"taxonomy":"product_cat","embeddable":true,"href":"https:\/\/influencesport.ca\/en\/wp-json\/wp\/v2\/product_cat?post=563854"},{"taxonomy":"product_tag","embeddable":true,"href":"https:\/\/influencesport.ca\/en\/wp-json\/wp\/v2\/product_tag?post=563854"}],"curies":[{"name":"wp","href":"https:\/\/api.w.org\/{rel}","templated":true}]}}