{"id":563850,"date":"2025-02-27T01:25:31","date_gmt":"2025-02-27T06:25:31","guid":{"rendered":"https:\/\/influencesport.ca\/?post_type=product&#038;p=563850"},"modified":"2026-02-18T16:37:56","modified_gmt":"2026-02-18T21:37:56","slug":"adidas-casquette-mexico-noir-et-or","status":"publish","type":"product","link":"https:\/\/influencesport.ca\/en\/produit\/adidas-casquette-mexico-noir-et-or\/","title":{"rendered":"Adidas Casquette Mexico noir et or"},"content":{"rendered":"","protected":false},"excerpt":{"rendered":"<p><strong>D\u00e9tails sur le produit : JC5840<\/strong><\/p>\n<p>Affichez votre all\u00e9geance \u00e0 la FED Mexico avec cette casquette unisexe FMF Mexico. Confectionn\u00e9e en coton de qualit\u00e9 sup\u00e9rieure, elle offre un design durable sans compromis sur le style ni le confort. Orn\u00e9e du logo et de l&#8217;\u00e9cusson Originals en relief, cette casquette est un accessoire audacieux pour tout passionn\u00e9 de football. Plus qu&#8217;une simple casquette, c&#8217;est un symbole de votre passion pour le football.<\/p>\n<p>&nbsp;<\/p>\n","protected":false},"featured_media":566825,"template":"","meta":{"_et_pb_use_builder":"","_et_pb_old_content":"","_et_gb_content_width":""},"product_brand":[],"product_cat":[92,1382,20],"product_tag":[],"class_list":{"0":"post-563850","1":"product","2":"type-product","3":"status-publish","4":"has-post-thumbnail","6":"product_cat-articles-de-club","7":"product_cat-chapeaux-vetements","8":"product_cat-vetements","10":"first","11":"instock","12":"taxable","13":"shipping-taxable","14":"purchasable","15":"product-type-variable"},"tiered_pricing_type":"fixed","tiered_pricing_fixed_rules":[],"tiered_pricing_product_settings":{"layout":"default","base_unit_name":{"singular":null,"plural":null},"default_variation":null},"tiered_pricing_minimum_quantity":null,"tiered_pricing_roles_data":[],"tiered_pricing_percentage_rules":[],"_links":{"self":[{"href":"https:\/\/influencesport.ca\/en\/wp-json\/wp\/v2\/product\/563850","targetHints":{"allow":["GET"]}}],"collection":[{"href":"https:\/\/influencesport.ca\/en\/wp-json\/wp\/v2\/product"}],"about":[{"href":"https:\/\/influencesport.ca\/en\/wp-json\/wp\/v2\/types\/product"}],"wp:featuredmedia":[{"embeddable":true,"href":"https:\/\/influencesport.ca\/en\/wp-json\/wp\/v2\/media\/566825"}],"wp:attachment":[{"href":"https:\/\/influencesport.ca\/en\/wp-json\/wp\/v2\/media?parent=563850"}],"wp:term":[{"taxonomy":"product_brand","embeddable":true,"href":"https:\/\/influencesport.ca\/en\/wp-json\/wp\/v2\/product_brand?post=563850"},{"taxonomy":"product_cat","embeddable":true,"href":"https:\/\/influencesport.ca\/en\/wp-json\/wp\/v2\/product_cat?post=563850"},{"taxonomy":"product_tag","embeddable":true,"href":"https:\/\/influencesport.ca\/en\/wp-json\/wp\/v2\/product_tag?post=563850"}],"curies":[{"name":"wp","href":"https:\/\/api.w.org\/{rel}","templated":true}]}}