{"id":563470,"date":"2025-02-26T01:28:36","date_gmt":"2025-02-26T06:28:36","guid":{"rendered":"https:\/\/influencesport.ca\/?post_type=product&#038;p=563470"},"modified":"2025-07-12T15:22:27","modified_gmt":"2025-07-12T19:22:27","slug":"adidas-maillot-bayern-munich-125-ans","status":"publish","type":"product","link":"https:\/\/influencesport.ca\/en\/produit\/adidas-maillot-bayern-munich-125-ans\/","title":{"rendered":"Adidas Maillot Bayern Munich 125 ans"},"content":{"rendered":"","protected":false},"excerpt":{"rendered":"<p><strong>D\u00e9tails sur le produit : JE6781<\/strong><\/p>\n<ul class=\"m-contentContainer__copyElement\">\n<li><span>C\u00e9l\u00e9brez le 125e anniversaire du FC Bayern avec ce maillot de football adidas sp\u00e9cial. Affichant un design accrocheur inspir\u00e9 des stades et des \u00e9cussons embl\u00e9matiques du club, il utilise des accents dor\u00e9s et des d\u00e9tails complexes pour comm\u00e9morer une \u00e9tape importante. La technologie AEROREADY qui g\u00e8re l&#8217;humidit\u00e9 vous permet de rester \u00e0 l&#8217;aise et un \u00e9cusson d&#8217;anniversaire sp\u00e9cial affiche votre d\u00e9vouement.<\/span><\/li>\n<li><span>Ce produit est fabriqu\u00e9 \u00e0 partir de mat\u00e9riaux 100 % recycl\u00e9s. En r\u00e9utilisant des mat\u00e9riaux d\u00e9j\u00e0 cr\u00e9\u00e9s, nous contribuons \u00e0 r\u00e9duire les d\u00e9chets et notre d\u00e9pendance aux ressources limit\u00e9es, ainsi qu&#8217;\u00e0 r\u00e9duire l&#8217;empreinte \u00e9cologique des produits que nous fabriquons.<\/span><\/li>\n<\/ul>\n","protected":false},"featured_media":563769,"template":"","meta":{"_et_pb_use_builder":"","_et_pb_old_content":"","_et_gb_content_width":""},"product_brand":[],"product_cat":[92],"product_tag":[],"class_list":{"0":"post-563470","1":"product","2":"type-product","3":"status-publish","4":"has-post-thumbnail","6":"product_cat-articles-de-club","8":"first","9":"instock","10":"taxable","11":"shipping-taxable","12":"purchasable","13":"product-type-variable"},"tiered_pricing_type":"fixed","tiered_pricing_fixed_rules":[],"tiered_pricing_product_settings":{"layout":"default","base_unit_name":{"singular":null,"plural":null},"default_variation":null},"tiered_pricing_minimum_quantity":null,"tiered_pricing_roles_data":[],"tiered_pricing_percentage_rules":[],"_links":{"self":[{"href":"https:\/\/influencesport.ca\/en\/wp-json\/wp\/v2\/product\/563470","targetHints":{"allow":["GET"]}}],"collection":[{"href":"https:\/\/influencesport.ca\/en\/wp-json\/wp\/v2\/product"}],"about":[{"href":"https:\/\/influencesport.ca\/en\/wp-json\/wp\/v2\/types\/product"}],"wp:featuredmedia":[{"embeddable":true,"href":"https:\/\/influencesport.ca\/en\/wp-json\/wp\/v2\/media\/563769"}],"wp:attachment":[{"href":"https:\/\/influencesport.ca\/en\/wp-json\/wp\/v2\/media?parent=563470"}],"wp:term":[{"taxonomy":"product_brand","embeddable":true,"href":"https:\/\/influencesport.ca\/en\/wp-json\/wp\/v2\/product_brand?post=563470"},{"taxonomy":"product_cat","embeddable":true,"href":"https:\/\/influencesport.ca\/en\/wp-json\/wp\/v2\/product_cat?post=563470"},{"taxonomy":"product_tag","embeddable":true,"href":"https:\/\/influencesport.ca\/en\/wp-json\/wp\/v2\/product_tag?post=563470"}],"curies":[{"name":"wp","href":"https:\/\/api.w.org\/{rel}","templated":true}]}}