{"id":563169,"date":"2025-02-25T01:29:35","date_gmt":"2025-02-25T06:29:35","guid":{"rendered":"https:\/\/influencesport.ca\/?post_type=product&#038;p=563169"},"modified":"2026-03-04T12:45:21","modified_gmt":"2026-03-04T17:45:21","slug":"adidas-samba-messi-j","status":"publish","type":"product","link":"https:\/\/influencesport.ca\/en\/produit\/adidas-samba-messi-j\/","title":{"rendered":"Adidas Samba Messi J"},"content":{"rendered":"","protected":false},"excerpt":{"rendered":"<p><strong>D\u00e9tails sur le produit : JR0424<\/strong><\/p>\n<p>Lorsque les plus grands matchs sont en jeu, vous pouvez compter sur Lionel Messi pour \u00eatre \u00e0 la hauteur. Repr\u00e9sentez la passion de l&#8217;Argentin sur le terrain au-del\u00e0 de la ligne de touche avec ces chaussures de football adidas Samba confortables pour juniors. Affichant les d\u00e9tails des joueurs, ce classique \u00e0 3 bandes comprend une tige en cuir embl\u00e9matique et une semelle ext\u00e9rieure en caoutchouc adh\u00e9rente.<\/p>\n","protected":false},"featured_media":563705,"template":"","meta":{"_et_pb_use_builder":"","_et_pb_old_content":"","_et_gb_content_width":""},"product_brand":[],"product_cat":[1369,37],"product_tag":[],"class_list":{"0":"post-563169","1":"product","2":"type-product","3":"status-publish","4":"has-post-thumbnail","6":"product_cat-autres-soulier","7":"product_cat-futsal","9":"first","10":"instock","11":"taxable","12":"shipping-taxable","13":"purchasable","14":"product-type-variable"},"tiered_pricing_type":"fixed","tiered_pricing_fixed_rules":[],"tiered_pricing_product_settings":{"layout":"default","base_unit_name":{"singular":null,"plural":null},"default_variation":null},"tiered_pricing_minimum_quantity":null,"tiered_pricing_roles_data":[],"tiered_pricing_percentage_rules":[],"_links":{"self":[{"href":"https:\/\/influencesport.ca\/en\/wp-json\/wp\/v2\/product\/563169","targetHints":{"allow":["GET"]}}],"collection":[{"href":"https:\/\/influencesport.ca\/en\/wp-json\/wp\/v2\/product"}],"about":[{"href":"https:\/\/influencesport.ca\/en\/wp-json\/wp\/v2\/types\/product"}],"wp:featuredmedia":[{"embeddable":true,"href":"https:\/\/influencesport.ca\/en\/wp-json\/wp\/v2\/media\/563705"}],"wp:attachment":[{"href":"https:\/\/influencesport.ca\/en\/wp-json\/wp\/v2\/media?parent=563169"}],"wp:term":[{"taxonomy":"product_brand","embeddable":true,"href":"https:\/\/influencesport.ca\/en\/wp-json\/wp\/v2\/product_brand?post=563169"},{"taxonomy":"product_cat","embeddable":true,"href":"https:\/\/influencesport.ca\/en\/wp-json\/wp\/v2\/product_cat?post=563169"},{"taxonomy":"product_tag","embeddable":true,"href":"https:\/\/influencesport.ca\/en\/wp-json\/wp\/v2\/product_tag?post=563169"}],"curies":[{"name":"wp","href":"https:\/\/api.w.org\/{rel}","templated":true}]}}