{"id":561963,"date":"2025-02-19T01:24:59","date_gmt":"2025-02-19T06:24:59","guid":{"rendered":"https:\/\/influencesport.ca\/?post_type=product&#038;p=561963"},"modified":"2026-04-02T19:39:44","modified_gmt":"2026-04-02T23:39:44","slug":"adidas-sq25-tr-veste-noir-femme","status":"publish","type":"product","link":"https:\/\/influencesport.ca\/en\/produit\/adidas-sq25-tr-veste-noir-femme\/","title":{"rendered":"Adidas SQ25 TR JKT Black W"},"content":{"rendered":"","protected":false},"excerpt":{"rendered":"<p><strong>D\u00e9tails sur le produit : JE2754<\/strong><\/p>\n<p>D\u00e9couvrez la veste d&#8217;entra\u00eenement Squadra25, un incontournable du football f\u00e9minin. Fabriqu\u00e9e \u00e0 partir de PET 100 % recycl\u00e9, cette veste de surv\u00eatement en tricot est con\u00e7ue avec la technologie AEROREADY pour vous garder au sec et \u00e0 l&#8217;aise sur et en dehors du terrain. La coupe standard assure la libert\u00e9 de mouvement tandis que la fermeture \u00e9clair sur toute la longueur et les poches zipp\u00e9es ajoutent une touche pratique. Fabriqu\u00e9e en partie \u00e0 partir de mat\u00e9riaux recycl\u00e9s, cette veste incarne \u00e0 la fois le style et la durabilit\u00e9. Affichez votre statut de leader dans cette pi\u00e8ce unique qui c\u00e9l\u00e8bre la camaraderie et la passion pour le jeu.<\/p>\n","protected":false},"featured_media":562615,"template":"","meta":{"_et_pb_use_builder":"","_et_pb_old_content":"","_et_gb_content_width":""},"product_brand":[],"product_cat":[1378,20],"product_tag":[],"class_list":{"0":"post-561963","1":"product","2":"type-product","3":"status-publish","4":"has-post-thumbnail","6":"product_cat-vestes-vetements","7":"product_cat-vetements","9":"first","10":"instock","11":"taxable","12":"shipping-taxable","13":"purchasable","14":"product-type-variable"},"tiered_pricing_type":"fixed","tiered_pricing_fixed_rules":[],"tiered_pricing_product_settings":{"layout":"default","base_unit_name":{"singular":null,"plural":null},"default_variation":null},"tiered_pricing_minimum_quantity":null,"tiered_pricing_roles_data":[],"tiered_pricing_percentage_rules":[],"_links":{"self":[{"href":"https:\/\/influencesport.ca\/en\/wp-json\/wp\/v2\/product\/561963","targetHints":{"allow":["GET"]}}],"collection":[{"href":"https:\/\/influencesport.ca\/en\/wp-json\/wp\/v2\/product"}],"about":[{"href":"https:\/\/influencesport.ca\/en\/wp-json\/wp\/v2\/types\/product"}],"wp:featuredmedia":[{"embeddable":true,"href":"https:\/\/influencesport.ca\/en\/wp-json\/wp\/v2\/media\/562615"}],"wp:attachment":[{"href":"https:\/\/influencesport.ca\/en\/wp-json\/wp\/v2\/media?parent=561963"}],"wp:term":[{"taxonomy":"product_brand","embeddable":true,"href":"https:\/\/influencesport.ca\/en\/wp-json\/wp\/v2\/product_brand?post=561963"},{"taxonomy":"product_cat","embeddable":true,"href":"https:\/\/influencesport.ca\/en\/wp-json\/wp\/v2\/product_cat?post=561963"},{"taxonomy":"product_tag","embeddable":true,"href":"https:\/\/influencesport.ca\/en\/wp-json\/wp\/v2\/product_tag?post=561963"}],"curies":[{"name":"wp","href":"https:\/\/api.w.org\/{rel}","templated":true}]}}