{"id":561592,"date":"2025-02-18T01:29:36","date_gmt":"2025-02-18T06:29:36","guid":{"rendered":"https:\/\/influencesport.ca\/?post_type=product&#038;p=561592"},"modified":"2026-04-16T14:42:22","modified_gmt":"2026-04-16T18:42:22","slug":"adidas-squa25-short-blanche-homme","status":"publish","type":"product","link":"https:\/\/influencesport.ca\/en\/produit\/adidas-squa25-short-blanche-homme\/","title":{"rendered":"Adidas SQUA25 SHO M WHITE"},"content":{"rendered":"","protected":false},"excerpt":{"rendered":"<p><strong>D\u00e9tails sur le produit : JH3406<\/strong><\/p>\n<p>Entrez sur le terrain de football en toute confiance avec le short adidas Squadra25. Fabriqu\u00e9 en maille 100 % polyester recycl\u00e9, ce short est non seulement durable, mais dispose \u00e9galement de la technologie AEROREADY pour plus de confort et de respirabilit\u00e9. La coupe standard et le cordon de serrage r\u00e9glable assurent un ajustement parfait tandis que le design \u00e9pur\u00e9 permet de l&#8217;associer facilement \u00e0 n&#8217;importe quelle tenue. Avec un clin d&#8217;\u0153il visuel au leadership et \u00e0 la camaraderie, ce short est fait pour ceux qui dirigent sur et en dehors du terrain.<\/p>\n","protected":false},"featured_media":562570,"template":"","meta":{"_et_pb_use_builder":"","_et_pb_old_content":"","_et_gb_content_width":""},"product_brand":[],"product_cat":[1377,20],"product_tag":[],"class_list":{"0":"post-561592","1":"product","2":"type-product","3":"status-publish","4":"has-post-thumbnail","6":"product_cat-shorts-cuissards-vetements","7":"product_cat-vetements","9":"first","10":"instock","11":"taxable","12":"shipping-taxable","13":"purchasable","14":"product-type-variable"},"tiered_pricing_type":"fixed","tiered_pricing_fixed_rules":[],"tiered_pricing_product_settings":{"layout":"default","base_unit_name":{"singular":null,"plural":null},"default_variation":null},"tiered_pricing_minimum_quantity":null,"tiered_pricing_roles_data":[],"tiered_pricing_percentage_rules":[],"_links":{"self":[{"href":"https:\/\/influencesport.ca\/en\/wp-json\/wp\/v2\/product\/561592","targetHints":{"allow":["GET"]}}],"collection":[{"href":"https:\/\/influencesport.ca\/en\/wp-json\/wp\/v2\/product"}],"about":[{"href":"https:\/\/influencesport.ca\/en\/wp-json\/wp\/v2\/types\/product"}],"wp:featuredmedia":[{"embeddable":true,"href":"https:\/\/influencesport.ca\/en\/wp-json\/wp\/v2\/media\/562570"}],"wp:attachment":[{"href":"https:\/\/influencesport.ca\/en\/wp-json\/wp\/v2\/media?parent=561592"}],"wp:term":[{"taxonomy":"product_brand","embeddable":true,"href":"https:\/\/influencesport.ca\/en\/wp-json\/wp\/v2\/product_brand?post=561592"},{"taxonomy":"product_cat","embeddable":true,"href":"https:\/\/influencesport.ca\/en\/wp-json\/wp\/v2\/product_cat?post=561592"},{"taxonomy":"product_tag","embeddable":true,"href":"https:\/\/influencesport.ca\/en\/wp-json\/wp\/v2\/product_tag?post=561592"}],"curies":[{"name":"wp","href":"https:\/\/api.w.org\/{rel}","templated":true}]}}