{"id":559559,"date":"2025-02-12T01:25:32","date_gmt":"2025-02-12T06:25:32","guid":{"rendered":"https:\/\/influencesport.ca\/?post_type=product&#038;p=559559"},"modified":"2026-04-16T16:47:25","modified_gmt":"2026-04-16T20:47:25","slug":"adidas-maillot-real-madrid-exterieur-24-25","status":"publish","type":"product","link":"https:\/\/influencesport.ca\/en\/produit\/adidas-maillot-real-madrid-exterieur-24-25\/","title":{"rendered":"Adidas Maillot R\u00e9al Madrid Ext\u00e9rieur 24\/25"},"content":{"rendered":"","protected":false},"excerpt":{"rendered":"<p><strong>D\u00e9tails sur le produit : IU5013<\/strong><\/p>\n<ul class=\"m-contentContainer__copyElement\">\n<li><span>Mettant en lumi\u00e8re l&#8217;essor d&#8217;une toute nouvelle g\u00e9n\u00e9ration de footballeurs. Cr\u00e9\u00e9 pour compl\u00e9ter les talents scintillants du Real Madrid, ce maillot ext\u00e9rieur adidas se distingue par une base orange vibrante et un design abstrait inspir\u00e9 des \u00e9toiles. Ses d\u00e9tails bleu fonc\u00e9 incluent un \u00e9cusson du club brod\u00e9. Dans les coulisses, la technologie AEROREADY qui g\u00e8re l&#8217;humidit\u00e9 permettra aux fans de rester au top de leur forme.<\/span><\/li>\n<li><span>Ce produit est fabriqu\u00e9 \u00e0 partir de mat\u00e9riaux 100 % recycl\u00e9s. En r\u00e9utilisant des mat\u00e9riaux d\u00e9j\u00e0 cr\u00e9\u00e9s, nous contribuons \u00e0 r\u00e9duire les d\u00e9chets et notre d\u00e9pendance aux ressources limit\u00e9es, ainsi qu&#8217;\u00e0 r\u00e9duire l&#8217;empreinte \u00e9cologique des produits que nous fabriquons.<\/span><\/li>\n<\/ul>\n<p>&nbsp;<\/p>\n","protected":false},"featured_media":560722,"template":"","meta":{"_et_pb_use_builder":"","_et_pb_old_content":"","_et_gb_content_width":""},"product_brand":[],"product_cat":[92],"product_tag":[],"class_list":{"0":"post-559559","1":"product","2":"type-product","3":"status-publish","4":"has-post-thumbnail","6":"product_cat-articles-de-club","8":"first","9":"instock","10":"taxable","11":"shipping-taxable","12":"purchasable","13":"product-type-variable"},"tiered_pricing_type":"fixed","tiered_pricing_fixed_rules":[],"tiered_pricing_product_settings":{"layout":"default","base_unit_name":{"singular":null,"plural":null},"default_variation":null},"tiered_pricing_minimum_quantity":null,"tiered_pricing_roles_data":[],"tiered_pricing_percentage_rules":[],"_links":{"self":[{"href":"https:\/\/influencesport.ca\/en\/wp-json\/wp\/v2\/product\/559559","targetHints":{"allow":["GET"]}}],"collection":[{"href":"https:\/\/influencesport.ca\/en\/wp-json\/wp\/v2\/product"}],"about":[{"href":"https:\/\/influencesport.ca\/en\/wp-json\/wp\/v2\/types\/product"}],"wp:featuredmedia":[{"embeddable":true,"href":"https:\/\/influencesport.ca\/en\/wp-json\/wp\/v2\/media\/560722"}],"wp:attachment":[{"href":"https:\/\/influencesport.ca\/en\/wp-json\/wp\/v2\/media?parent=559559"}],"wp:term":[{"taxonomy":"product_brand","embeddable":true,"href":"https:\/\/influencesport.ca\/en\/wp-json\/wp\/v2\/product_brand?post=559559"},{"taxonomy":"product_cat","embeddable":true,"href":"https:\/\/influencesport.ca\/en\/wp-json\/wp\/v2\/product_cat?post=559559"},{"taxonomy":"product_tag","embeddable":true,"href":"https:\/\/influencesport.ca\/en\/wp-json\/wp\/v2\/product_tag?post=559559"}],"curies":[{"name":"wp","href":"https:\/\/api.w.org\/{rel}","templated":true}]}}