{"id":558836,"date":"2025-02-08T01:28:16","date_gmt":"2025-02-08T06:28:16","guid":{"rendered":"https:\/\/influencesport.ca\/?post_type=product&#038;p=558836"},"modified":"2026-02-18T16:35:02","modified_gmt":"2026-02-18T21:35:02","slug":"puma-future-8-pro-cage","status":"publish","type":"product","link":"https:\/\/influencesport.ca\/en\/produit\/puma-future-8-pro-cage\/","title":{"rendered":"Puma Future 8 Pro Cage"},"content":{"rendered":"","protected":false},"excerpt":{"rendered":"<p><strong>D\u00e9tails sur le produit : 108366-01<\/strong><\/p>\n<p><span>Une chaussure qui s&#8217;adapte diff\u00e9remment, con\u00e7ue pour les joueurs qui font la diff\u00e9rence. Joueurs, lib\u00e9rez votre cr\u00e9ativit\u00e9 avec la FUTURE 8 PRO. Elle est dot\u00e9e d&#8217;une tige flexible en LYCRA\u00ae, de PWRTAPE pour la stabilit\u00e9 et de GripControl pour une meilleure maniabilit\u00e9 du ballon. Jouez avec ou sans lacets et restez au frais gr\u00e2ce \u00e0 la technologie Ortholite\u00ae O-Therm\u2122.<\/span><\/p>\n<ul>\n<li><span>Tige fabriqu\u00e9e avec au moins 30 % de mat\u00e9riaux recycl\u00e9s<\/span><\/li>\n<li><span>AJUSTEMENT #1 : Mat\u00e9riau de base sup\u00e9rieur en LYCRA\u00ae hautement \u00e9lastique associ\u00e9 \u00e0 un col tricot\u00e9 extensible pour un ajustement flexible, s\u00fbr et de soutien<\/span><\/li>\n<li><span>AJUSTEMENT #2 : PWRTAPE sur le milieu du pied pour un maintien et une stabilit\u00e9 ultimes<\/span><\/li>\n<li><span>COMP\u00c9TENCE : Combinaison de lignes de maillage sur\u00e9lev\u00e9es et de la technologie GripControl pour une meilleure adh\u00e9rence et un meilleur contr\u00f4le du ballon<\/span><\/li>\n<li><span>Les lignes de maille sur\u00e9lev\u00e9es et la technologie GripControl am\u00e9liorent l&#8217;adh\u00e9rence et le contr\u00f4le du ballon<\/span><\/li>\n<li><span>Le PWRTAPE sur le milieu du pied offre un maintien et une stabilit\u00e9 ultimes<\/span><\/li>\n<li><span>La tige en LYCRA\u00ae hautement \u00e9lastique et le col tricot\u00e9 extensible offrent un ajustement flexible et s\u00fbr<\/span><\/li>\n<li><span>Semelle ext\u00e9rieure en caoutchouc \u00e0 crampons multiples et profil bas et semelle interm\u00e9diaire ProFoam LITE adapt\u00e9e \u00e0 une utilisation sur des surfaces naturelles dures et du gazon artificiel (2G)<\/span><\/li>\n<li><span>La semelle int\u00e9rieure Ortholite\u00ae O-Therm\u2122 impr\u00e9gn\u00e9e d&#8217;a\u00e9rogel bloque la chaleur, gardant le pied frais et confortable<\/span><\/li>\n<li><span>Jouez avec ou sans lacets<\/span><\/li>\n<li><span>Semelle int\u00e9rieure amovible l\u00e9g\u00e8re avec technologie NanoGrip<\/span><\/li>\n<li><span>Coupe r\u00e9guli\u00e8re \u00e0 large<\/span><\/li>\n<\/ul>\n","protected":false},"featured_media":560622,"template":"","meta":{"_et_pb_use_builder":"","_et_pb_old_content":"","_et_gb_content_width":""},"product_brand":[],"product_cat":[16,84],"product_tag":[],"class_list":{"0":"post-558836","1":"product","2":"type-product","3":"status-publish","4":"has-post-thumbnail","6":"product_cat-souliers-soccer","7":"product_cat-terrain-synthetique","9":"first","10":"instock","11":"taxable","12":"shipping-taxable","13":"purchasable","14":"product-type-variable"},"tiered_pricing_type":"fixed","tiered_pricing_fixed_rules":[],"tiered_pricing_product_settings":{"layout":"default","base_unit_name":{"singular":null,"plural":null},"default_variation":null},"tiered_pricing_minimum_quantity":null,"tiered_pricing_roles_data":[],"tiered_pricing_percentage_rules":[],"_links":{"self":[{"href":"https:\/\/influencesport.ca\/en\/wp-json\/wp\/v2\/product\/558836","targetHints":{"allow":["GET"]}}],"collection":[{"href":"https:\/\/influencesport.ca\/en\/wp-json\/wp\/v2\/product"}],"about":[{"href":"https:\/\/influencesport.ca\/en\/wp-json\/wp\/v2\/types\/product"}],"wp:featuredmedia":[{"embeddable":true,"href":"https:\/\/influencesport.ca\/en\/wp-json\/wp\/v2\/media\/560622"}],"wp:attachment":[{"href":"https:\/\/influencesport.ca\/en\/wp-json\/wp\/v2\/media?parent=558836"}],"wp:term":[{"taxonomy":"product_brand","embeddable":true,"href":"https:\/\/influencesport.ca\/en\/wp-json\/wp\/v2\/product_brand?post=558836"},{"taxonomy":"product_cat","embeddable":true,"href":"https:\/\/influencesport.ca\/en\/wp-json\/wp\/v2\/product_cat?post=558836"},{"taxonomy":"product_tag","embeddable":true,"href":"https:\/\/influencesport.ca\/en\/wp-json\/wp\/v2\/product_tag?post=558836"}],"curies":[{"name":"wp","href":"https:\/\/api.w.org\/{rel}","templated":true}]}}