{"id":558804,"date":"2025-02-08T01:27:24","date_gmt":"2025-02-08T06:27:24","guid":{"rendered":"https:\/\/influencesport.ca\/?post_type=product&#038;p=558804"},"modified":"2025-05-30T13:50:17","modified_gmt":"2025-05-30T17:50:17","slug":"puma-nova-elite-w","status":"publish","type":"product","link":"https:\/\/influencesport.ca\/en\/produit\/puma-nova-elite-w\/","title":{"rendered":"Puma Nova Elite W"},"content":{"rendered":"","protected":false},"excerpt":{"rendered":"<p><strong>D\u00e9tails sur le produit : 108289-01<\/strong><\/p>\n<div class=\"col-span-full\">\n<div>\n<p><span>D\u00e9bloquez une vitesse explosive et dominez le jeu avec PUMA. Con\u00e7ues pour les femmes, ces chaussures sont dot\u00e9es d&#8217;un syst\u00e8me de la\u00e7age WEBCAGE+, d&#8217;une semelle interm\u00e9diaire PROFOAMLITE et d&#8217;une semelle ext\u00e9rieure \u00e0 chevrons pour une adh\u00e9rence sup\u00e9rieure. L\u00e9g\u00e8res, flexibles et pr\u00eates \u00e0 \u00e9lever chacun de vos mouvements. Con\u00e7ues pour \u00eatre rapides et durables.<\/span><\/p>\n<\/div>\n<\/div>\n<div>\n<ul>\n<li><span>Tige fabriqu\u00e9e avec au moins 30 % de mat\u00e9riaux recycl\u00e9s<\/span><\/li>\n<\/ul>\n<\/div>\n<div>\n<ul>\n<li><span>Le syst\u00e8me de la\u00e7age WEBCAGE+ et PWRPRINT offrent durabilit\u00e9 et libert\u00e9 de mouvement<\/span><\/li>\n<li><span>La semelle interm\u00e9diaire PROFOAMLITE offre un amorti l\u00e9ger et sup\u00e9rieur pour des performances am\u00e9lior\u00e9es<\/span><\/li>\n<li><span>Con\u00e7u sp\u00e9cifiquement pour les pieds des femmes, garantissant un ajustement confortable et s\u00fbr<\/span><\/li>\n<li><span>La nouvelle bande de roulement en caoutchouc technique offre une adh\u00e9rence et une traction sup\u00e9rieures pour des changements de direction rapides<\/span><\/li>\n<li><span>Semelle ext\u00e9rieure en caoutchouc<\/span><\/li>\n<li><span>Fermeture : lacets<\/span><\/li>\n<\/ul>\n<\/div>\n","protected":false},"featured_media":560584,"template":"","meta":{"_et_pb_use_builder":"","_et_pb_old_content":"","_et_gb_content_width":""},"product_brand":[],"product_cat":[1369,16,37],"product_tag":[],"class_list":{"0":"post-558804","1":"product","2":"type-product","3":"status-publish","4":"has-post-thumbnail","6":"product_cat-autres-soulier","7":"product_cat-souliers-soccer","8":"product_cat-futsal","10":"first","11":"instock","12":"taxable","13":"shipping-taxable","14":"purchasable","15":"product-type-variable"},"tiered_pricing_type":"fixed","tiered_pricing_fixed_rules":[],"tiered_pricing_product_settings":{"layout":"default","base_unit_name":{"singular":null,"plural":null},"default_variation":null},"tiered_pricing_minimum_quantity":null,"tiered_pricing_roles_data":[],"tiered_pricing_percentage_rules":[],"_links":{"self":[{"href":"https:\/\/influencesport.ca\/en\/wp-json\/wp\/v2\/product\/558804","targetHints":{"allow":["GET"]}}],"collection":[{"href":"https:\/\/influencesport.ca\/en\/wp-json\/wp\/v2\/product"}],"about":[{"href":"https:\/\/influencesport.ca\/en\/wp-json\/wp\/v2\/types\/product"}],"wp:featuredmedia":[{"embeddable":true,"href":"https:\/\/influencesport.ca\/en\/wp-json\/wp\/v2\/media\/560584"}],"wp:attachment":[{"href":"https:\/\/influencesport.ca\/en\/wp-json\/wp\/v2\/media?parent=558804"}],"wp:term":[{"taxonomy":"product_brand","embeddable":true,"href":"https:\/\/influencesport.ca\/en\/wp-json\/wp\/v2\/product_brand?post=558804"},{"taxonomy":"product_cat","embeddable":true,"href":"https:\/\/influencesport.ca\/en\/wp-json\/wp\/v2\/product_cat?post=558804"},{"taxonomy":"product_tag","embeddable":true,"href":"https:\/\/influencesport.ca\/en\/wp-json\/wp\/v2\/product_tag?post=558804"}],"curies":[{"name":"wp","href":"https:\/\/api.w.org\/{rel}","templated":true}]}}