{"id":558793,"date":"2025-02-08T01:27:07","date_gmt":"2025-02-08T06:27:07","guid":{"rendered":"https:\/\/influencesport.ca\/?post_type=product&#038;p=558793"},"modified":"2026-02-18T16:34:53","modified_gmt":"2026-02-18T21:34:53","slug":"puma-nova-elite","status":"publish","type":"product","link":"https:\/\/influencesport.ca\/en\/produit\/puma-nova-elite\/","title":{"rendered":"Puma Nova Elite"},"content":{"rendered":"","protected":false},"excerpt":{"rendered":"<p><strong>D\u00e9tails sur le produit : 108284-01<\/strong><\/p>\n<p><span>Lib\u00e9rez votre vitesse avec les chaussures explosives de PUMA. L&#8217;amorti PROFOAMLITE l\u00e9ger et le support WEBCAGE+ offrent une agilit\u00e9 in\u00e9gal\u00e9e. La bande de roulement en caoutchouc technique assure une adh\u00e9rence sup\u00e9rieure pour des mouvements rapides. La coupe standard et le design dynamique vous permettent de rester pr\u00eat \u00e0 tout. Am\u00e9liorez votre jeu sans effort.<\/span><\/p>\n<ul>\n<li><span>Tige fabriqu\u00e9e avec au moins 30 % de mat\u00e9riaux recycl\u00e9s<\/span><\/li>\n<\/ul>\n<ul>\n<li><span>Coupe r\u00e9guli\u00e8re<\/span><\/li>\n<li><span>La semelle interm\u00e9diaire PROFOAMLITE offre un amorti l\u00e9ger et r\u00e9actif pour une vitesse explosive<\/span><\/li>\n<li><span>La semelle ext\u00e9rieure \u00e0 chevrons offre une adh\u00e9rence et une traction sup\u00e9rieures pour des changements de direction rapides<\/span><\/li>\n<li><span>PWRPRINT verrouille le pied pour un ajustement s\u00fbr et flexible<\/span><\/li>\n<li><span>Syst\u00e8me de la\u00e7age WEBCAGE+<\/span><\/li>\n<\/ul>\n","protected":false},"featured_media":560574,"template":"","meta":{"_et_pb_use_builder":"","_et_pb_old_content":"","_et_gb_content_width":""},"product_brand":[],"product_cat":[1369,16,37],"product_tag":[],"class_list":{"0":"post-558793","1":"product","2":"type-product","3":"status-publish","4":"has-post-thumbnail","6":"product_cat-autres-soulier","7":"product_cat-souliers-soccer","8":"product_cat-futsal","10":"first","11":"instock","12":"taxable","13":"shipping-taxable","14":"purchasable","15":"product-type-variable"},"tiered_pricing_type":"fixed","tiered_pricing_fixed_rules":[],"tiered_pricing_product_settings":{"layout":"default","base_unit_name":{"singular":null,"plural":null},"default_variation":null},"tiered_pricing_minimum_quantity":null,"tiered_pricing_roles_data":[],"tiered_pricing_percentage_rules":[],"_links":{"self":[{"href":"https:\/\/influencesport.ca\/en\/wp-json\/wp\/v2\/product\/558793","targetHints":{"allow":["GET"]}}],"collection":[{"href":"https:\/\/influencesport.ca\/en\/wp-json\/wp\/v2\/product"}],"about":[{"href":"https:\/\/influencesport.ca\/en\/wp-json\/wp\/v2\/types\/product"}],"wp:featuredmedia":[{"embeddable":true,"href":"https:\/\/influencesport.ca\/en\/wp-json\/wp\/v2\/media\/560574"}],"wp:attachment":[{"href":"https:\/\/influencesport.ca\/en\/wp-json\/wp\/v2\/media?parent=558793"}],"wp:term":[{"taxonomy":"product_brand","embeddable":true,"href":"https:\/\/influencesport.ca\/en\/wp-json\/wp\/v2\/product_brand?post=558793"},{"taxonomy":"product_cat","embeddable":true,"href":"https:\/\/influencesport.ca\/en\/wp-json\/wp\/v2\/product_cat?post=558793"},{"taxonomy":"product_tag","embeddable":true,"href":"https:\/\/influencesport.ca\/en\/wp-json\/wp\/v2\/product_tag?post=558793"}],"curies":[{"name":"wp","href":"https:\/\/api.w.org\/{rel}","templated":true}]}}