{"id":557859,"date":"2025-02-04T01:29:44","date_gmt":"2025-02-04T06:29:44","guid":{"rendered":"https:\/\/influencesport.ca\/?post_type=product&#038;p=557859"},"modified":"2026-01-09T19:54:48","modified_gmt":"2026-01-10T00:54:48","slug":"adidas-imcf-h-jsy-y","status":"publish","type":"product","link":"https:\/\/influencesport.ca\/en\/produit\/adidas-imcf-h-jsy-y\/","title":{"rendered":"Adidas IMCF H JSY Y"},"content":{"rendered":"","protected":false},"excerpt":{"rendered":"<p><strong>D\u00e9tails sur le produit : JJ1391<\/strong><\/p>\n<ul class=\"m-contentContainer__copyElement\">\n<li><span>Rayures de football classiques aux couleurs instantan\u00e9ment reconnaissables de l&#8217;Inter Miami CF. Se d\u00e9marquant par deux nuances de rose, ce maillot adidas junior ne laisse aucun doute sur votre club pr\u00e9f\u00e9r\u00e9. Cr\u00e9\u00e9 pour les jeunes supporters, il est dot\u00e9 de la technologie AEROREADY qui g\u00e8re l&#8217;humidit\u00e9 pour un confort tout au long de la journ\u00e9e et d&#8217;un badge tiss\u00e9 haut de gamme pour une fiert\u00e9 totale de l&#8217;\u00e9quipe.<\/span><\/li>\n<li><span>Ce produit est fabriqu\u00e9 \u00e0 partir de mat\u00e9riaux 100 % recycl\u00e9s. En r\u00e9utilisant des mat\u00e9riaux d\u00e9j\u00e0 cr\u00e9\u00e9s, nous contribuons \u00e0 r\u00e9duire les d\u00e9chets et notre d\u00e9pendance aux ressources limit\u00e9es, ainsi qu&#8217;\u00e0 r\u00e9duire l&#8217;empreinte \u00e9cologique des produits que nous fabriquons.<\/span><\/li>\n<\/ul>\n","protected":false},"featured_media":559825,"template":"","meta":{"_et_pb_use_builder":"","_et_pb_old_content":"","_et_gb_content_width":""},"product_brand":[],"product_cat":[92],"product_tag":[],"class_list":{"0":"post-557859","1":"product","2":"type-product","3":"status-publish","4":"has-post-thumbnail","6":"product_cat-articles-de-club","8":"first","9":"instock","10":"taxable","11":"shipping-taxable","12":"purchasable","13":"product-type-variable"},"tiered_pricing_type":"fixed","tiered_pricing_fixed_rules":[],"tiered_pricing_product_settings":{"layout":"default","base_unit_name":{"singular":null,"plural":null},"default_variation":null},"tiered_pricing_minimum_quantity":null,"tiered_pricing_roles_data":[],"tiered_pricing_percentage_rules":[],"_links":{"self":[{"href":"https:\/\/influencesport.ca\/en\/wp-json\/wp\/v2\/product\/557859","targetHints":{"allow":["GET"]}}],"collection":[{"href":"https:\/\/influencesport.ca\/en\/wp-json\/wp\/v2\/product"}],"about":[{"href":"https:\/\/influencesport.ca\/en\/wp-json\/wp\/v2\/types\/product"}],"wp:featuredmedia":[{"embeddable":true,"href":"https:\/\/influencesport.ca\/en\/wp-json\/wp\/v2\/media\/559825"}],"wp:attachment":[{"href":"https:\/\/influencesport.ca\/en\/wp-json\/wp\/v2\/media?parent=557859"}],"wp:term":[{"taxonomy":"product_brand","embeddable":true,"href":"https:\/\/influencesport.ca\/en\/wp-json\/wp\/v2\/product_brand?post=557859"},{"taxonomy":"product_cat","embeddable":true,"href":"https:\/\/influencesport.ca\/en\/wp-json\/wp\/v2\/product_cat?post=557859"},{"taxonomy":"product_tag","embeddable":true,"href":"https:\/\/influencesport.ca\/en\/wp-json\/wp\/v2\/product_tag?post=557859"}],"curies":[{"name":"wp","href":"https:\/\/api.w.org\/{rel}","templated":true}]}}