{"id":557781,"date":"2025-02-04T01:27:38","date_gmt":"2025-02-04T06:27:38","guid":{"rendered":"https:\/\/influencesport.ca\/?post_type=product&#038;p=557781"},"modified":"2025-11-29T12:08:07","modified_gmt":"2025-11-29T17:08:07","slug":"nike-kawa-slide","status":"publish","type":"product","link":"https:\/\/influencesport.ca\/en\/produit\/nike-kawa-slide\/","title":{"rendered":"Nike Kawa Slide"},"content":{"rendered":"","protected":false},"excerpt":{"rendered":"<p><strong>D\u00e9tails sur le produit : FJ8812-800<\/strong><\/p>\n<p>Pr\u00eat \u00e0 glisser dans le confort ? La semelle int\u00e9rieure en mousse souple des claquettes Nike Kawa vous permet de marcher dans un amorti moelleux \u00e0 chaque fois que vous les enfilez. De plus, les rainures flexibles sur la semelle ext\u00e9rieure contribuent \u00e0 rendre chaque pas naturel.<\/p>\n<p>&nbsp;<\/p>\n","protected":false},"featured_media":559703,"template":"","meta":{"_et_pb_use_builder":"","_et_pb_old_content":"","_et_gb_content_width":""},"product_brand":[],"product_cat":[1365],"product_tag":[],"class_list":{"0":"post-557781","1":"product","2":"type-product","3":"status-publish","4":"has-post-thumbnail","6":"product_cat-sandales","8":"first","9":"instock","10":"taxable","11":"shipping-taxable","12":"purchasable","13":"product-type-variable"},"tiered_pricing_type":"fixed","tiered_pricing_fixed_rules":[],"tiered_pricing_product_settings":{"layout":"default","base_unit_name":{"singular":null,"plural":null},"default_variation":null},"tiered_pricing_minimum_quantity":null,"tiered_pricing_roles_data":[],"tiered_pricing_percentage_rules":[],"_links":{"self":[{"href":"https:\/\/influencesport.ca\/en\/wp-json\/wp\/v2\/product\/557781","targetHints":{"allow":["GET"]}}],"collection":[{"href":"https:\/\/influencesport.ca\/en\/wp-json\/wp\/v2\/product"}],"about":[{"href":"https:\/\/influencesport.ca\/en\/wp-json\/wp\/v2\/types\/product"}],"wp:featuredmedia":[{"embeddable":true,"href":"https:\/\/influencesport.ca\/en\/wp-json\/wp\/v2\/media\/559703"}],"wp:attachment":[{"href":"https:\/\/influencesport.ca\/en\/wp-json\/wp\/v2\/media?parent=557781"}],"wp:term":[{"taxonomy":"product_brand","embeddable":true,"href":"https:\/\/influencesport.ca\/en\/wp-json\/wp\/v2\/product_brand?post=557781"},{"taxonomy":"product_cat","embeddable":true,"href":"https:\/\/influencesport.ca\/en\/wp-json\/wp\/v2\/product_cat?post=557781"},{"taxonomy":"product_tag","embeddable":true,"href":"https:\/\/influencesport.ca\/en\/wp-json\/wp\/v2\/product_tag?post=557781"}],"curies":[{"name":"wp","href":"https:\/\/api.w.org\/{rel}","templated":true}]}}