{"id":557166,"date":"2025-01-29T01:28:46","date_gmt":"2025-01-29T06:28:46","guid":{"rendered":"https:\/\/influencesport.ca\/?post_type=product&#038;p=557166"},"modified":"2026-01-20T18:55:32","modified_gmt":"2026-01-20T23:55:32","slug":"adidas-2025-mls-training-ball","status":"publish","type":"product","link":"https:\/\/influencesport.ca\/en\/produit\/adidas-2025-mls-training-ball\/","title":{"rendered":"Adidas 2025 MLS Training Ball"},"content":{"rendered":"","protected":false},"excerpt":{"rendered":"<p><strong>D\u00e9tails sur le produit : JH1304<\/strong><\/p>\n<p>C\u00e9l\u00e9brons les 20 ans des ballons de football de la Major League Soccer d&#8217;adidas. Cr\u00e9\u00e9 pour r\u00e9pondre aux exigences de l&#8217;entra\u00eenement au football, ce ballon d&#8217;entra\u00eenement est dot\u00e9 d&#8217;une vessie en butyle r\u00e9sistante et d&#8217;une enveloppe en TPU cousue \u00e0 la machine. S&#8217;inspirant du ballon de match officiel de la saison 2025 de la MLS, son design comprend des d\u00e9tails des ballons qui l&#8217;ont pr\u00e9c\u00e9d\u00e9.<\/p>\n","protected":false},"featured_media":559358,"template":"","meta":{"_et_pb_use_builder":"","_et_pb_old_content":"","_et_gb_content_width":""},"product_brand":[],"product_cat":[43],"product_tag":[],"class_list":{"0":"post-557166","1":"product","2":"type-product","3":"status-publish","4":"has-post-thumbnail","6":"product_cat-ballons","8":"first","9":"instock","10":"taxable","11":"shipping-taxable","12":"purchasable","13":"product-type-variable"},"tiered_pricing_type":"fixed","tiered_pricing_fixed_rules":[],"tiered_pricing_product_settings":{"layout":"default","base_unit_name":{"singular":null,"plural":null},"default_variation":null},"tiered_pricing_minimum_quantity":null,"tiered_pricing_roles_data":[],"tiered_pricing_percentage_rules":[],"_links":{"self":[{"href":"https:\/\/influencesport.ca\/en\/wp-json\/wp\/v2\/product\/557166","targetHints":{"allow":["GET"]}}],"collection":[{"href":"https:\/\/influencesport.ca\/en\/wp-json\/wp\/v2\/product"}],"about":[{"href":"https:\/\/influencesport.ca\/en\/wp-json\/wp\/v2\/types\/product"}],"wp:featuredmedia":[{"embeddable":true,"href":"https:\/\/influencesport.ca\/en\/wp-json\/wp\/v2\/media\/559358"}],"wp:attachment":[{"href":"https:\/\/influencesport.ca\/en\/wp-json\/wp\/v2\/media?parent=557166"}],"wp:term":[{"taxonomy":"product_brand","embeddable":true,"href":"https:\/\/influencesport.ca\/en\/wp-json\/wp\/v2\/product_brand?post=557166"},{"taxonomy":"product_cat","embeddable":true,"href":"https:\/\/influencesport.ca\/en\/wp-json\/wp\/v2\/product_cat?post=557166"},{"taxonomy":"product_tag","embeddable":true,"href":"https:\/\/influencesport.ca\/en\/wp-json\/wp\/v2\/product_tag?post=557166"}],"curies":[{"name":"wp","href":"https:\/\/api.w.org\/{rel}","templated":true}]}}