{"id":557164,"date":"2025-01-29T01:28:43","date_gmt":"2025-01-29T06:28:43","guid":{"rendered":"https:\/\/influencesport.ca\/?post_type=product&#038;p=557164"},"modified":"2026-04-16T18:32:39","modified_gmt":"2026-04-16T22:32:39","slug":"adidas-2025-mls-pro-ball","status":"publish","type":"product","link":"https:\/\/influencesport.ca\/en\/produit\/adidas-2025-mls-pro-ball\/","title":{"rendered":"Adidas 2025 MLS Pro Ball"},"content":{"rendered":"","protected":false},"excerpt":{"rendered":"<p><strong>D\u00e9tails sur le produit : JH1303<\/strong><\/p>\n<p>C\u00e9l\u00e9brez les trois d\u00e9cennies de la Major League Soccer et les 20 ans des ballons de football adidas MLS. Ballon de match officiel de la ligue en 2025, ce ballon FIFA Quality Pro pr\u00e9sente une construction sans couture pour le type de performance sur laquelle vous pouvez compter. Se d\u00e9marquant par les couleurs du logo MLS 96, ces graphismes audacieux repr\u00e9sentent chaque ballon adidas utilis\u00e9 depuis la saison 2006, avec des r\u00e9f\u00e9rences particuli\u00e8rement visibles au Teamgeist, au Jabulani et au Prime.<\/p>\n","protected":false},"featured_media":559349,"template":"","meta":{"_et_pb_use_builder":"","_et_pb_old_content":"","_et_gb_content_width":""},"product_brand":[],"product_cat":[43],"product_tag":[],"class_list":{"0":"post-557164","1":"product","2":"type-product","3":"status-publish","4":"has-post-thumbnail","6":"product_cat-ballons","8":"first","9":"instock","10":"taxable","11":"shipping-taxable","12":"purchasable","13":"product-type-variable"},"tiered_pricing_type":"fixed","tiered_pricing_fixed_rules":[],"tiered_pricing_product_settings":{"layout":"default","base_unit_name":{"singular":null,"plural":null},"default_variation":null},"tiered_pricing_minimum_quantity":null,"tiered_pricing_roles_data":[],"tiered_pricing_percentage_rules":[],"_links":{"self":[{"href":"https:\/\/influencesport.ca\/en\/wp-json\/wp\/v2\/product\/557164","targetHints":{"allow":["GET"]}}],"collection":[{"href":"https:\/\/influencesport.ca\/en\/wp-json\/wp\/v2\/product"}],"about":[{"href":"https:\/\/influencesport.ca\/en\/wp-json\/wp\/v2\/types\/product"}],"wp:featuredmedia":[{"embeddable":true,"href":"https:\/\/influencesport.ca\/en\/wp-json\/wp\/v2\/media\/559349"}],"wp:attachment":[{"href":"https:\/\/influencesport.ca\/en\/wp-json\/wp\/v2\/media?parent=557164"}],"wp:term":[{"taxonomy":"product_brand","embeddable":true,"href":"https:\/\/influencesport.ca\/en\/wp-json\/wp\/v2\/product_brand?post=557164"},{"taxonomy":"product_cat","embeddable":true,"href":"https:\/\/influencesport.ca\/en\/wp-json\/wp\/v2\/product_cat?post=557164"},{"taxonomy":"product_tag","embeddable":true,"href":"https:\/\/influencesport.ca\/en\/wp-json\/wp\/v2\/product_tag?post=557164"}],"curies":[{"name":"wp","href":"https:\/\/api.w.org\/{rel}","templated":true}]}}