{"id":557152,"date":"2025-01-29T01:28:26","date_gmt":"2025-01-29T06:28:26","guid":{"rendered":"https:\/\/influencesport.ca\/?post_type=product&#038;p=557152"},"modified":"2026-02-21T15:48:07","modified_gmt":"2026-02-21T20:48:07","slug":"adidas-tiro-sg-protege-tibia-enfant","status":"publish","type":"product","link":"https:\/\/influencesport.ca\/en\/produit\/adidas-tiro-sg-protege-tibia-enfant\/","title":{"rendered":"Adidas Tiro SG Prot\u00e8ge tibia"},"content":{"rendered":"","protected":false},"excerpt":{"rendered":"<p><strong>D\u00e9tails sur le produit : IW8790<\/strong><\/p>\n<p>Jouez au football en toute confiance. Ces prot\u00e8ge-tibias adidas Tiro Match unisexes pour junior offrent la stabilit\u00e9 et la protection dont vous avez besoin lorsque vous jouez au football. La conception ergonomique assure un ajustement s\u00fbr, tandis que les mat\u00e9riaux l\u00e9gers les rendent confortables \u00e0 porter. Un incontournable pour tout joueur de football !<\/p>\n","protected":false},"featured_media":559305,"template":"","meta":{"_et_pb_use_builder":"","_et_pb_old_content":"","_et_gb_content_width":""},"product_brand":[],"product_cat":[1374,1054],"product_tag":[],"class_list":{"0":"post-557152","1":"product","2":"type-product","3":"status-publish","4":"has-post-thumbnail","6":"product_cat-avec-chevillieres-proteges-tibias","7":"product_cat-proteges-tibias","9":"first","10":"instock","11":"taxable","12":"shipping-taxable","13":"purchasable","14":"product-type-variable"},"tiered_pricing_type":"fixed","tiered_pricing_fixed_rules":[],"tiered_pricing_product_settings":{"layout":"default","base_unit_name":{"singular":null,"plural":null},"default_variation":null},"tiered_pricing_minimum_quantity":null,"tiered_pricing_roles_data":[],"tiered_pricing_percentage_rules":[],"_links":{"self":[{"href":"https:\/\/influencesport.ca\/en\/wp-json\/wp\/v2\/product\/557152","targetHints":{"allow":["GET"]}}],"collection":[{"href":"https:\/\/influencesport.ca\/en\/wp-json\/wp\/v2\/product"}],"about":[{"href":"https:\/\/influencesport.ca\/en\/wp-json\/wp\/v2\/types\/product"}],"wp:featuredmedia":[{"embeddable":true,"href":"https:\/\/influencesport.ca\/en\/wp-json\/wp\/v2\/media\/559305"}],"wp:attachment":[{"href":"https:\/\/influencesport.ca\/en\/wp-json\/wp\/v2\/media?parent=557152"}],"wp:term":[{"taxonomy":"product_brand","embeddable":true,"href":"https:\/\/influencesport.ca\/en\/wp-json\/wp\/v2\/product_brand?post=557152"},{"taxonomy":"product_cat","embeddable":true,"href":"https:\/\/influencesport.ca\/en\/wp-json\/wp\/v2\/product_cat?post=557152"},{"taxonomy":"product_tag","embeddable":true,"href":"https:\/\/influencesport.ca\/en\/wp-json\/wp\/v2\/product_tag?post=557152"}],"curies":[{"name":"wp","href":"https:\/\/api.w.org\/{rel}","templated":true}]}}