{"id":523515,"date":"2024-10-22T00:52:39","date_gmt":"2024-10-22T04:52:39","guid":{"rendered":"https:\/\/influencesport.ca\/?post_type=product&#038;p=523515"},"modified":"2026-02-18T16:21:19","modified_gmt":"2026-02-18T21:21:19","slug":"adidas-milano-23-sock","status":"publish","type":"product","link":"https:\/\/influencesport.ca\/en\/produit\/adidas-milano-23-sock\/","title":{"rendered":"Adidas Milano 23 Sock"},"content":{"rendered":"","protected":false},"excerpt":{"rendered":"<p><strong>D\u00e9tails du produit\u00a0 : IB7819<\/strong><\/p>\n<p>D\u00e9couvrez le m\u00e9lange parfait de style et de confort avec les chaussettes Milano 23. Con\u00e7ues pour r\u00e9pondre aux besoins de tous les passionn\u00e9s de football, ces chaussettes unisexes au niveau des genoux sont dot\u00e9es d&#8217;un amorti l\u00e9ger avec une composition en tricot compos\u00e9e \u00e0 99 % de polyester recycl\u00e9 et \u00e0 1 % d&#8217;\u00e9lasthanne. Durables, confortables, durables &#8211; un v\u00e9ritable changement de jeu sur et en dehors du terrain.<\/p>\n","protected":false},"featured_media":523555,"template":"","meta":{"_et_pb_use_builder":"","_et_pb_old_content":"","_et_gb_content_width":""},"product_brand":[],"product_cat":[1049],"product_tag":[],"class_list":{"0":"post-523515","1":"product","2":"type-product","3":"status-publish","4":"has-post-thumbnail","6":"product_cat-bas-soccer","8":"first","9":"instock","10":"taxable","11":"shipping-taxable","12":"purchasable","13":"product-type-variable"},"tiered_pricing_type":"fixed","tiered_pricing_fixed_rules":[],"tiered_pricing_product_settings":{"layout":"default","base_unit_name":{"singular":null,"plural":null},"default_variation":null},"tiered_pricing_minimum_quantity":null,"tiered_pricing_roles_data":[],"tiered_pricing_percentage_rules":[],"_links":{"self":[{"href":"https:\/\/influencesport.ca\/en\/wp-json\/wp\/v2\/product\/523515","targetHints":{"allow":["GET"]}}],"collection":[{"href":"https:\/\/influencesport.ca\/en\/wp-json\/wp\/v2\/product"}],"about":[{"href":"https:\/\/influencesport.ca\/en\/wp-json\/wp\/v2\/types\/product"}],"wp:featuredmedia":[{"embeddable":true,"href":"https:\/\/influencesport.ca\/en\/wp-json\/wp\/v2\/media\/523555"}],"wp:attachment":[{"href":"https:\/\/influencesport.ca\/en\/wp-json\/wp\/v2\/media?parent=523515"}],"wp:term":[{"taxonomy":"product_brand","embeddable":true,"href":"https:\/\/influencesport.ca\/en\/wp-json\/wp\/v2\/product_brand?post=523515"},{"taxonomy":"product_cat","embeddable":true,"href":"https:\/\/influencesport.ca\/en\/wp-json\/wp\/v2\/product_cat?post=523515"},{"taxonomy":"product_tag","embeddable":true,"href":"https:\/\/influencesport.ca\/en\/wp-json\/wp\/v2\/product_tag?post=523515"}],"curies":[{"name":"wp","href":"https:\/\/api.w.org\/{rel}","templated":true}]}}