{"id":522467,"date":"2024-10-16T00:52:06","date_gmt":"2024-10-16T04:52:06","guid":{"rendered":"https:\/\/influencesport.ca\/?post_type=product&#038;p=522467"},"modified":"2026-02-18T16:20:52","modified_gmt":"2026-02-18T21:20:52","slug":"nike-phantom-gx-ii-elite-ag-pro-3","status":"publish","type":"product","link":"https:\/\/influencesport.ca\/en\/produit\/nike-phantom-gx-ii-elite-ag-pro-3\/","title":{"rendered":"Nike Phantom GX II Elite AG-Pro"},"content":{"rendered":"","protected":false},"excerpt":{"rendered":"<div id=\"product-details-title\" class=\"bL8FUWapGLIZJINh9Vhl\"><strong>D\u00e9tails sur le produit : FJ2554-002<\/strong><\/div>\n<ul id=\"product-features-group\">\n<li id=\"product-feature-0\">Nike Gripknit est une mati\u00e8re adh\u00e9rente qui am\u00e9liore le contact avec le ballon. Elle recouvre la zone de frappe, du gros orteil au petit orteil en passant au-dessus des lacets. Comme \u00e7a, tes frappes sont nettes et pr\u00e9cises. Elle prend la forme de ton pied et adh\u00e8re parfaitement par temps sec ou humide. La texture en micro-moulage et la mati\u00e8re Gripknit \u00e9pousent la forme du pied pour des tirs encore plus pr\u00e9cis.<\/li>\n<li id=\"product-feature-1\">Le motif d&#8217;adh\u00e9rence Nike Cyclone\u00a0360 est \u00e9tudi\u00e9 pour des mouvements rapides (avec plus d&#8217;agilit\u00e9 pour changer de direction) et s\u00fbrs (avec moins d&#8217;adh\u00e9rence rotationnelle). Tu peux faire des changements de direction rapides en toute confiance quand le match s&#8217;intensifie.<\/li>\n<li id=\"product-feature-2\">Le la\u00e7age asym\u00e9trique cr\u00e9e une surface de contact plus large pour dribbler, faire des passes et marquer. Le motif de la\u00e7age d\u00e9cal\u00e9 s&#8217;ajuste mieux au milieu du pied, ce qui assure un bon maintien pour toutes les vo\u00fbtes plantaires. La mati\u00e8re Flyknit offre une tenue ajust\u00e9e et plus structur\u00e9e pour plus de confort autour du col.<\/li>\n<\/ul>\n","protected":false},"featured_media":525072,"template":"","meta":{"_et_pb_use_builder":"","_et_pb_old_content":"","_et_gb_content_width":""},"product_brand":[],"product_cat":[17,16],"product_tag":[],"class_list":{"0":"post-522467","1":"product","2":"type-product","3":"status-publish","4":"has-post-thumbnail","6":"product_cat-crampons","7":"product_cat-souliers-soccer","9":"first","10":"instock","11":"taxable","12":"shipping-taxable","13":"purchasable","14":"product-type-variable"},"tiered_pricing_type":"fixed","tiered_pricing_fixed_rules":[],"tiered_pricing_product_settings":{"layout":"default","base_unit_name":{"singular":null,"plural":null},"default_variation":null},"tiered_pricing_minimum_quantity":null,"tiered_pricing_roles_data":[],"tiered_pricing_percentage_rules":[],"_links":{"self":[{"href":"https:\/\/influencesport.ca\/en\/wp-json\/wp\/v2\/product\/522467","targetHints":{"allow":["GET"]}}],"collection":[{"href":"https:\/\/influencesport.ca\/en\/wp-json\/wp\/v2\/product"}],"about":[{"href":"https:\/\/influencesport.ca\/en\/wp-json\/wp\/v2\/types\/product"}],"wp:featuredmedia":[{"embeddable":true,"href":"https:\/\/influencesport.ca\/en\/wp-json\/wp\/v2\/media\/525072"}],"wp:attachment":[{"href":"https:\/\/influencesport.ca\/en\/wp-json\/wp\/v2\/media?parent=522467"}],"wp:term":[{"taxonomy":"product_brand","embeddable":true,"href":"https:\/\/influencesport.ca\/en\/wp-json\/wp\/v2\/product_brand?post=522467"},{"taxonomy":"product_cat","embeddable":true,"href":"https:\/\/influencesport.ca\/en\/wp-json\/wp\/v2\/product_cat?post=522467"},{"taxonomy":"product_tag","embeddable":true,"href":"https:\/\/influencesport.ca\/en\/wp-json\/wp\/v2\/product_tag?post=522467"}],"curies":[{"name":"wp","href":"https:\/\/api.w.org\/{rel}","templated":true}]}}