{"id":512931,"date":"2024-10-03T00:49:31","date_gmt":"2024-10-03T04:49:31","guid":{"rendered":"https:\/\/influencesport.ca\/?post_type=product&#038;p=512931"},"modified":"2026-02-16T15:27:24","modified_gmt":"2026-02-16T20:27:24","slug":"adidas-f50-league-fg-mg-messi","status":"publish","type":"product","link":"https:\/\/influencesport.ca\/en\/produit\/adidas-f50-league-fg-mg-messi\/","title":{"rendered":"Adidas F50 League FG\/MG Messi"},"content":{"rendered":"","protected":false},"excerpt":{"rendered":"<p><strong>D\u00e9tails du produit : IE9073<\/strong><\/p>\n<ul class=\"m-contentContainer__copyElement\">\n<li>Vitesse F50, style Messi. En 2024, la gamme de chaussures de football adidas de Lionel Messi est con\u00e7ue pour correspondre encore plus \u00e9troitement \u00e0 ses pr\u00e9f\u00e9rences. La tige flexible HybridTouch de ces chaussures de football F50 League comprend une languette synth\u00e9tique pour un confort l\u00e9ger. En dessous, une semelle ext\u00e9rieure Sprintplate 360 \u200b\u200boffre une propulsion sur plusieurs surfaces.<\/li>\n<li>Ce produit contient au moins 20 % de mat\u00e9riaux recycl\u00e9s. En r\u00e9utilisant des mat\u00e9riaux d\u00e9j\u00e0 cr\u00e9\u00e9s, nous contribuons \u00e0 r\u00e9duire les d\u00e9chets et notre d\u00e9pendance aux ressources limit\u00e9es, ainsi qu&#8217;\u00e0 r\u00e9duire l&#8217;empreinte carbone des produits que nous fabriquons.<\/li>\n<\/ul>\n","protected":false},"featured_media":590041,"template":"","meta":{"_et_pb_use_builder":"","_et_pb_old_content":"","_et_gb_content_width":""},"product_brand":[],"product_cat":[16,17],"product_tag":[],"class_list":{"0":"post-512931","1":"product","2":"type-product","3":"status-publish","4":"has-post-thumbnail","6":"product_cat-souliers-soccer","7":"product_cat-crampons","9":"first","10":"outofstock","11":"taxable","12":"shipping-taxable","13":"product-type-variable"},"tiered_pricing_type":"fixed","tiered_pricing_fixed_rules":[],"tiered_pricing_product_settings":{"layout":"default","base_unit_name":{"singular":null,"plural":null},"default_variation":null},"tiered_pricing_minimum_quantity":null,"tiered_pricing_roles_data":[],"tiered_pricing_percentage_rules":[],"_links":{"self":[{"href":"https:\/\/influencesport.ca\/en\/wp-json\/wp\/v2\/product\/512931","targetHints":{"allow":["GET"]}}],"collection":[{"href":"https:\/\/influencesport.ca\/en\/wp-json\/wp\/v2\/product"}],"about":[{"href":"https:\/\/influencesport.ca\/en\/wp-json\/wp\/v2\/types\/product"}],"wp:featuredmedia":[{"embeddable":true,"href":"https:\/\/influencesport.ca\/en\/wp-json\/wp\/v2\/media\/590041"}],"wp:attachment":[{"href":"https:\/\/influencesport.ca\/en\/wp-json\/wp\/v2\/media?parent=512931"}],"wp:term":[{"taxonomy":"product_brand","embeddable":true,"href":"https:\/\/influencesport.ca\/en\/wp-json\/wp\/v2\/product_brand?post=512931"},{"taxonomy":"product_cat","embeddable":true,"href":"https:\/\/influencesport.ca\/en\/wp-json\/wp\/v2\/product_cat?post=512931"},{"taxonomy":"product_tag","embeddable":true,"href":"https:\/\/influencesport.ca\/en\/wp-json\/wp\/v2\/product_tag?post=512931"}],"curies":[{"name":"wp","href":"https:\/\/api.w.org\/{rel}","templated":true}]}}