{"id":512567,"date":"2024-10-02T00:57:18","date_gmt":"2024-10-02T04:57:18","guid":{"rendered":"https:\/\/influencesport.ca\/?post_type=product&#038;p=512567"},"modified":"2026-04-10T12:12:25","modified_gmt":"2026-04-10T16:12:25","slug":"nike-zm-superfly-10-elite-ag-pro-2","status":"publish","type":"product","link":"https:\/\/influencesport.ca\/en\/produit\/nike-zm-superfly-10-elite-ag-pro-2\/","title":{"rendered":"Nike ZM Superfly 10 Elite AG-Pro"},"content":{"rendered":"","protected":false},"excerpt":{"rendered":"<div id=\"product-details-title\" class=\"bL8FUWapGLIZJINh9Vhl\"><strong>D\u00e9tails sur le produit : FQ8339-700<\/strong><\/div>\n<ul id=\"product-features-group\">\n<li id=\"product-feature-0\">Nike Gripknit est une mati\u00e8re adh\u00e9rente qui am\u00e9liore le contact avec le ballon. Elle couvre plus de surface pour faciliter tes contr\u00f4les de balle quand tu dribbles \u00e0 toute vitesse ou que tu termines une action en tirant au but. Cette mati\u00e8re prend la forme du pied et adh\u00e8re par temps sec et humide. Elle donne une coupe sculpt\u00e9e, qui ressemble \u00e0 celle des chaussures de course \u00e0 pointes. La texture en micro-moulage et la mati\u00e8re Gripknit \u00e9pousent la forme du pied pour des tirs encore plus pr\u00e9cis.<\/li>\n<li id=\"product-feature-1\">Le motif d&#8217;adh\u00e9rence en forme de vague est constitu\u00e9 d&#8217;une s\u00e9rie de crampons en cascade. Il engage une plus grande surface de l&#8217;unit\u00e9 Air\u00a0Zoom et garantit l&#8217;accroche n\u00e9cessaire. Le plus grand crampon a la m\u00eame hauteur que nos crampons interm\u00e9diaires traditionnels, pour ne pas compromettre l&#8217;adh\u00e9rence. L&#8217;adh\u00e9rence en forme de vague a \u00e9t\u00e9 associ\u00e9e \u00e0 des chevrons \u00e9volu\u00e9s et des crampons en forme de lames pour t&#8217;aider \u00e0 t&#8217;arr\u00eater quand tu changes de direction rapidement.<\/li>\n<li id=\"product-feature-2\">L&#8217;empeigne Flyknit est con\u00e7ue pour la vitesse. Atomknit, une mati\u00e8re Flyknit incroyablement l\u00e9g\u00e8re et r\u00e9sistante pr\u00e9sente sur les c\u00f4t\u00e9s, r\u00e9duit le poids de la chaussure et maintient le pied. Les mati\u00e8res Gripknit, Atomknit et Flyknit s&#8217;allient pour former l&#8217;empeigne Mercurial la plus fine \u00e0 ce jour. La chaussure a un meilleur contact avec le ballon et se fait plus vite \u00e0 ton pied. Le col Dynamic Fit enveloppe la cheville dans un tissu extensible et doux pour un bon maintien.<\/li>\n<\/ul>\n","protected":false},"featured_media":590029,"template":"","meta":{"_et_pb_use_builder":"","_et_pb_old_content":"","_et_gb_content_width":""},"product_brand":[],"product_cat":[17,16],"product_tag":[],"class_list":{"0":"post-512567","1":"product","2":"type-product","3":"status-publish","4":"has-post-thumbnail","6":"product_cat-crampons","7":"product_cat-souliers-soccer","9":"first","10":"instock","11":"taxable","12":"shipping-taxable","13":"purchasable","14":"product-type-variable"},"tiered_pricing_type":"fixed","tiered_pricing_fixed_rules":[],"tiered_pricing_product_settings":{"layout":"default","base_unit_name":{"singular":null,"plural":null},"default_variation":null},"tiered_pricing_minimum_quantity":null,"tiered_pricing_roles_data":[],"tiered_pricing_percentage_rules":[],"_links":{"self":[{"href":"https:\/\/influencesport.ca\/en\/wp-json\/wp\/v2\/product\/512567","targetHints":{"allow":["GET"]}}],"collection":[{"href":"https:\/\/influencesport.ca\/en\/wp-json\/wp\/v2\/product"}],"about":[{"href":"https:\/\/influencesport.ca\/en\/wp-json\/wp\/v2\/types\/product"}],"wp:featuredmedia":[{"embeddable":true,"href":"https:\/\/influencesport.ca\/en\/wp-json\/wp\/v2\/media\/590029"}],"wp:attachment":[{"href":"https:\/\/influencesport.ca\/en\/wp-json\/wp\/v2\/media?parent=512567"}],"wp:term":[{"taxonomy":"product_brand","embeddable":true,"href":"https:\/\/influencesport.ca\/en\/wp-json\/wp\/v2\/product_brand?post=512567"},{"taxonomy":"product_cat","embeddable":true,"href":"https:\/\/influencesport.ca\/en\/wp-json\/wp\/v2\/product_cat?post=512567"},{"taxonomy":"product_tag","embeddable":true,"href":"https:\/\/influencesport.ca\/en\/wp-json\/wp\/v2\/product_tag?post=512567"}],"curies":[{"name":"wp","href":"https:\/\/api.w.org\/{rel}","templated":true}]}}