{"id":511414,"date":"2024-09-21T01:02:45","date_gmt":"2024-09-21T05:02:45","guid":{"rendered":"https:\/\/influencesport.ca\/?post_type=product&#038;p=511414"},"modified":"2026-02-27T19:37:51","modified_gmt":"2026-02-28T00:37:51","slug":"adidas-copa-mundial-2","status":"publish","type":"product","link":"https:\/\/influencesport.ca\/en\/produit\/adidas-copa-mundial-2\/","title":{"rendered":"Adidas Copa Mundial"},"content":{"rendered":"","protected":false},"excerpt":{"rendered":"<p><strong>D\u00e9tails du produit : ID4050<\/strong><\/p>\n<p>D\u00e9couvrez les chaussures de football Copa Mundial, un classique intemporel fabriqu\u00e9 en Allemagne. Ces chaussures pour hommes, avec leur coupe standard et leur conception pour terrain ferme, sont con\u00e7ues pour am\u00e9liorer les performances sur le terrain. Con\u00e7ues \u00e0 partir d&#8217;un m\u00e9lange parfait de cuir et de synth\u00e9tiques pour plus de durabilit\u00e9, elles sont dot\u00e9es d&#8217;une semelle int\u00e9rieure pour le confort et d&#8217;une fermeture \u00e0 lacets pour plus de s\u00e9curit\u00e9. Am\u00e9liorez votre jeu avec ces chaussures de football intemporelles.<\/p>\n","protected":false},"featured_media":589919,"template":"","meta":{"_et_pb_use_builder":"","_et_pb_old_content":"","_et_gb_content_width":""},"product_brand":[],"product_cat":[17,16],"product_tag":[],"class_list":{"0":"post-511414","1":"product","2":"type-product","3":"status-publish","4":"has-post-thumbnail","6":"product_cat-crampons","7":"product_cat-souliers-soccer","9":"first","10":"instock","11":"taxable","12":"shipping-taxable","13":"purchasable","14":"product-type-variable"},"tiered_pricing_type":"fixed","tiered_pricing_fixed_rules":[],"tiered_pricing_product_settings":{"layout":"default","base_unit_name":{"singular":null,"plural":null},"default_variation":null},"tiered_pricing_minimum_quantity":null,"tiered_pricing_roles_data":[],"tiered_pricing_percentage_rules":[],"_links":{"self":[{"href":"https:\/\/influencesport.ca\/en\/wp-json\/wp\/v2\/product\/511414","targetHints":{"allow":["GET"]}}],"collection":[{"href":"https:\/\/influencesport.ca\/en\/wp-json\/wp\/v2\/product"}],"about":[{"href":"https:\/\/influencesport.ca\/en\/wp-json\/wp\/v2\/types\/product"}],"wp:featuredmedia":[{"embeddable":true,"href":"https:\/\/influencesport.ca\/en\/wp-json\/wp\/v2\/media\/589919"}],"wp:attachment":[{"href":"https:\/\/influencesport.ca\/en\/wp-json\/wp\/v2\/media?parent=511414"}],"wp:term":[{"taxonomy":"product_brand","embeddable":true,"href":"https:\/\/influencesport.ca\/en\/wp-json\/wp\/v2\/product_brand?post=511414"},{"taxonomy":"product_cat","embeddable":true,"href":"https:\/\/influencesport.ca\/en\/wp-json\/wp\/v2\/product_cat?post=511414"},{"taxonomy":"product_tag","embeddable":true,"href":"https:\/\/influencesport.ca\/en\/wp-json\/wp\/v2\/product_tag?post=511414"}],"curies":[{"name":"wp","href":"https:\/\/api.w.org\/{rel}","templated":true}]}}