{"id":507110,"date":"2024-08-31T00:51:22","date_gmt":"2024-08-31T04:51:22","guid":{"rendered":"https:\/\/influencesport.ca\/?post_type=product&#038;p=507110"},"modified":"2026-01-30T14:43:51","modified_gmt":"2026-01-30T19:43:51","slug":"ua-64oz-playmaker-jug-3","status":"publish","type":"product","link":"https:\/\/influencesport.ca\/en\/produit\/ua-64oz-playmaker-jug-3\/","title":{"rendered":"UA 64oz Playmaker Jug"},"content":{"rendered":"","protected":false},"excerpt":{"rendered":"<p><strong>D\u00e9tails du produit : UA70020-80156<\/strong><\/p>\n<ul class=\"a-unordered-list a-vertical a-spacing-mini\">\n<li class=\"a-spacing-mini\"><span class=\"a-list-item\">Isolation en mousse pour une r\u00e9tention maximale de la temp\u00e9rature, garde les boissons froides pendant 12 heures<\/span><\/li>\n<li class=\"a-spacing-mini\"><span class=\"a-list-item\">Crochets de cl\u00f4ture int\u00e9gr\u00e9s pour un accrochage facile ; couvercle verrouillable et \u00e9tanche qui aide \u00e9galement \u00e0 garder le bec propre<\/span><\/li>\n<li class=\"a-spacing-mini\"><span class=\"a-list-item\">Marqu\u00e9 avec des onces et millilitres pour une mesure facile<\/span><\/li>\n<li class=\"a-spacing-mini\"><span class=\"a-list-item\">La poign\u00e9e lat\u00e9rale ergonomique offre plus de soutien lorsque vous buvez et transportez ; poign\u00e9e lat\u00e9rale antid\u00e9rapante pour une prise en main confortable et s\u00fbre<\/span><\/li>\n<li class=\"a-spacing-mini\"><span class=\"a-list-item\">Sans BPA et sans plomb ; joint de capuchon amovible pour un nettoyage facile<\/span><\/li>\n<\/ul>\n","protected":false},"featured_media":589626,"template":"","meta":{"_et_pb_use_builder":"","_et_pb_old_content":"","_et_gb_content_width":""},"product_brand":[],"product_cat":[1051,1388],"product_tag":[],"class_list":{"0":"post-507110","1":"product","2":"type-product","3":"status-publish","4":"has-post-thumbnail","6":"product_cat-accessoires-divers","7":"product_cat-bouteille","9":"first","10":"instock","11":"taxable","12":"shipping-taxable","13":"purchasable","14":"product-type-simple"},"tiered_pricing_type":"fixed","tiered_pricing_fixed_rules":[],"tiered_pricing_product_settings":{"layout":"default","base_unit_name":{"singular":null,"plural":null},"default_variation":null},"tiered_pricing_minimum_quantity":null,"tiered_pricing_roles_data":[],"tiered_pricing_percentage_rules":[],"_links":{"self":[{"href":"https:\/\/influencesport.ca\/en\/wp-json\/wp\/v2\/product\/507110","targetHints":{"allow":["GET"]}}],"collection":[{"href":"https:\/\/influencesport.ca\/en\/wp-json\/wp\/v2\/product"}],"about":[{"href":"https:\/\/influencesport.ca\/en\/wp-json\/wp\/v2\/types\/product"}],"wp:featuredmedia":[{"embeddable":true,"href":"https:\/\/influencesport.ca\/en\/wp-json\/wp\/v2\/media\/589626"}],"wp:attachment":[{"href":"https:\/\/influencesport.ca\/en\/wp-json\/wp\/v2\/media?parent=507110"}],"wp:term":[{"taxonomy":"product_brand","embeddable":true,"href":"https:\/\/influencesport.ca\/en\/wp-json\/wp\/v2\/product_brand?post=507110"},{"taxonomy":"product_cat","embeddable":true,"href":"https:\/\/influencesport.ca\/en\/wp-json\/wp\/v2\/product_cat?post=507110"},{"taxonomy":"product_tag","embeddable":true,"href":"https:\/\/influencesport.ca\/en\/wp-json\/wp\/v2\/product_tag?post=507110"}],"curies":[{"name":"wp","href":"https:\/\/api.w.org\/{rel}","templated":true}]}}