{"id":498848,"date":"2024-08-08T00:59:38","date_gmt":"2024-08-08T04:59:38","guid":{"rendered":"https:\/\/influencesport.ca\/?post_type=product&#038;p=498848"},"modified":"2026-03-21T14:02:38","modified_gmt":"2026-03-21T18:02:38","slug":"adidas-f50-elite-ll-fg-2","status":"publish","type":"product","link":"https:\/\/influencesport.ca\/en\/produit\/adidas-f50-elite-ll-fg-2\/","title":{"rendered":"ADIDAS F50 ELITE LL FG"},"content":{"rendered":"","protected":false},"excerpt":{"rendered":"<p><strong>D\u00e9tails sur le produit : IE3184<\/strong><\/p>\n<p>Profitez de chaque seconde avec des crampons sans lacets fabriqu\u00e9s en partie avec des mat\u00e9riaux recycl\u00e9s.<\/p>\n<p>Lib\u00e9rez le je\u00fbne avec l&#8217;adidas F50. Cr\u00e9\u00e9 pour lib\u00e9rer tout le potentiel de votre acc\u00e9l\u00e9ration, de votre mouvement et de votre vitesse. La fine tige Fibertouch de ces chaussures de football Elite ultra l\u00e9g\u00e8res est dot\u00e9e d&#8217;un col adidas PRIMEKNIT sans lacets pour le maintien et d&#8217;une texture Sprintweb 3D qui maintient le ballon coll\u00e9 \u00e0 votre orteil. Une semelle ext\u00e9rieure \u00e9lastique Sprintframe 360 \u200b\u200bajoute du punch suppl\u00e9mentaire lorsque vous acc\u00e9l\u00e9rez sur un sol ferme.<\/p>\n<p>Ce produit contient au moins 20 % de mat\u00e9riaux recycl\u00e9s. En r\u00e9utilisant des mat\u00e9riaux d\u00e9j\u00e0 cr\u00e9\u00e9s, nous contribuons \u00e0 r\u00e9duire les d\u00e9chets et notre d\u00e9pendance \u00e0 l&#8217;\u00e9gard de ressources limit\u00e9es et r\u00e9duisons l&#8217;empreinte des produits que nous fabriquons.<\/p>\n","protected":false},"featured_media":589348,"template":"","meta":{"_et_pb_use_builder":"","_et_pb_old_content":"","_et_gb_content_width":""},"product_brand":[],"product_cat":[17,16],"product_tag":[],"class_list":{"0":"post-498848","1":"product","2":"type-product","3":"status-publish","4":"has-post-thumbnail","6":"product_cat-crampons","7":"product_cat-souliers-soccer","9":"first","10":"outofstock","11":"taxable","12":"shipping-taxable","13":"product-type-variable"},"tiered_pricing_type":"fixed","tiered_pricing_fixed_rules":[],"tiered_pricing_product_settings":{"layout":"default","base_unit_name":{"singular":null,"plural":null},"default_variation":null},"tiered_pricing_minimum_quantity":null,"tiered_pricing_roles_data":[],"tiered_pricing_percentage_rules":[],"_links":{"self":[{"href":"https:\/\/influencesport.ca\/en\/wp-json\/wp\/v2\/product\/498848","targetHints":{"allow":["GET"]}}],"collection":[{"href":"https:\/\/influencesport.ca\/en\/wp-json\/wp\/v2\/product"}],"about":[{"href":"https:\/\/influencesport.ca\/en\/wp-json\/wp\/v2\/types\/product"}],"wp:featuredmedia":[{"embeddable":true,"href":"https:\/\/influencesport.ca\/en\/wp-json\/wp\/v2\/media\/589348"}],"wp:attachment":[{"href":"https:\/\/influencesport.ca\/en\/wp-json\/wp\/v2\/media?parent=498848"}],"wp:term":[{"taxonomy":"product_brand","embeddable":true,"href":"https:\/\/influencesport.ca\/en\/wp-json\/wp\/v2\/product_brand?post=498848"},{"taxonomy":"product_cat","embeddable":true,"href":"https:\/\/influencesport.ca\/en\/wp-json\/wp\/v2\/product_cat?post=498848"},{"taxonomy":"product_tag","embeddable":true,"href":"https:\/\/influencesport.ca\/en\/wp-json\/wp\/v2\/product_tag?post=498848"}],"curies":[{"name":"wp","href":"https:\/\/api.w.org\/{rel}","templated":true}]}}