{"id":498822,"date":"2024-08-08T00:58:23","date_gmt":"2024-08-08T04:58:23","guid":{"rendered":"https:\/\/influencesport.ca\/?post_type=product&#038;p=498822"},"modified":"2026-04-02T17:53:53","modified_gmt":"2026-04-02T21:53:53","slug":"puma-future-7-ultimate-vol-fg-ag","status":"publish","type":"product","link":"https:\/\/influencesport.ca\/en\/produit\/puma-future-7-ultimate-vol-fg-ag\/","title":{"rendered":"PUMA FUTURE 7 ULTIMATE VOL. FG\/AG"},"content":{"rendered":"","protected":false},"excerpt":{"rendered":"<p><strong>D\u00e9tails sur le produit : 108072-01<\/strong><\/p>\n<p>Faites du bruit avec VOLUME UP !<\/p>\n<p>Ce pack pr\u00e9sente des versions audacieuses et brillantes du dernier ULTRA 5 ULTIMATE, c\u00e9l\u00e9brant la cr\u00e9ativit\u00e9, la libert\u00e9 et l&#8217;expression de soi sur le terrain de football. Ces bottes sont dot\u00e9es d&#8217;une tige repens\u00e9e combinant PWRPRINT et PWRTAPE avec un tricot extra extensible et une double maille douce pour un ajustement adaptatif de nouvelle g\u00e9n\u00e9ration. Le Dynamic Motion System offre traction et agilit\u00e9 pour des coupes rapides et des changements de rythme. Lorsque vous portez le FUTUR, vous \u00eates le FUTUR. Allez cr\u00e9er.<\/p>\n","protected":false},"featured_media":589344,"template":"","meta":{"_et_pb_use_builder":"","_et_pb_old_content":"","_et_gb_content_width":""},"product_brand":[],"product_cat":[16,17],"product_tag":[],"class_list":{"0":"post-498822","1":"product","2":"type-product","3":"status-publish","4":"has-post-thumbnail","6":"product_cat-souliers-soccer","7":"product_cat-crampons","9":"first","10":"outofstock","11":"taxable","12":"shipping-taxable","13":"product-type-variable"},"tiered_pricing_type":"fixed","tiered_pricing_fixed_rules":[],"tiered_pricing_product_settings":{"layout":"default","base_unit_name":{"singular":null,"plural":null},"default_variation":null},"tiered_pricing_minimum_quantity":null,"tiered_pricing_roles_data":[],"tiered_pricing_percentage_rules":[],"_links":{"self":[{"href":"https:\/\/influencesport.ca\/en\/wp-json\/wp\/v2\/product\/498822","targetHints":{"allow":["GET"]}}],"collection":[{"href":"https:\/\/influencesport.ca\/en\/wp-json\/wp\/v2\/product"}],"about":[{"href":"https:\/\/influencesport.ca\/en\/wp-json\/wp\/v2\/types\/product"}],"wp:featuredmedia":[{"embeddable":true,"href":"https:\/\/influencesport.ca\/en\/wp-json\/wp\/v2\/media\/589344"}],"wp:attachment":[{"href":"https:\/\/influencesport.ca\/en\/wp-json\/wp\/v2\/media?parent=498822"}],"wp:term":[{"taxonomy":"product_brand","embeddable":true,"href":"https:\/\/influencesport.ca\/en\/wp-json\/wp\/v2\/product_brand?post=498822"},{"taxonomy":"product_cat","embeddable":true,"href":"https:\/\/influencesport.ca\/en\/wp-json\/wp\/v2\/product_cat?post=498822"},{"taxonomy":"product_tag","embeddable":true,"href":"https:\/\/influencesport.ca\/en\/wp-json\/wp\/v2\/product_tag?post=498822"}],"curies":[{"name":"wp","href":"https:\/\/api.w.org\/{rel}","templated":true}]}}